{"id":646,"date":"2018-08-26T17:23:20","date_gmt":"2018-08-26T15:23:20","guid":{"rendered":"https:\/\/iccd.es\/?page_id=646"},"modified":"2018-08-26T20:12:46","modified_gmt":"2018-08-26T18:12:46","slug":"sistema-de-calidad","status":"publish","type":"page","link":"https:\/\/iccd.es\/bienvenidos-a-iccd\/sistema-de-calidad\/","title":{"rendered":"Sistema de Calidad"},"content":{"rendered":"<h2 style=\"text-align: center;\"><strong>SISTEMA DE CALIDAD<\/strong><\/h2>\n<p style=\"text-align: justify;\">\u00a0 \u00a0 \u00a0 \u00a0 \u00a0La pol\u00edtica de calidad, es la que indica la directriz y los objetivos generales de una empresa, es el tim\u00f3n en cuestiones de calidad, optimizaci\u00f3n de los recursos y procedimientos necesarios para impulsar el rendimiento empresarial.l Sistema de Gesti\u00f3n de la Calidad, es el conjunto de elementos mutuamente relacionados o que interact\u00faan en una organizaci\u00f3n que pretende dirigir y controlar todos los aspectos que afectan a la calidad de los productos que suministra y\/o de los servicios que presta, asimismo forma una estructura organizativa, con sus responsabilidades, los procedimientos, los procesos y los recursos de que se dispone para llevar a cabo dicha gesti\u00f3n.<\/p>\n<div id=\"attachment_650\" style=\"width: 174px\" class=\"wp-caption alignleft\"><a href=\"https:\/\/iccd.es\/wp-content\/uploads\/2018\/08\/sistema-de-calidad-ICCD.pdf\" target=\"_blank\" rel=\"noopener\"><img loading=\"lazy\" decoding=\"async\" aria-describedby=\"caption-attachment-650\" class=\"wp-image-650\" src=\"https:\/\/iccd.es\/wp-content\/uploads\/2018\/08\/calidad-300x279.jpg\" alt=\"\" width=\"164\" height=\"153\" srcset=\"https:\/\/iccd.es\/wp-content\/uploads\/2018\/08\/calidad-300x279.jpg 300w, https:\/\/iccd.es\/wp-content\/uploads\/2018\/08\/calidad-110x102.jpg 110w, https:\/\/iccd.es\/wp-content\/uploads\/2018\/08\/calidad-420x391.jpg 420w, https:\/\/iccd.es\/wp-content\/uploads\/2018\/08\/calidad.jpg 462w\" sizes=\"auto, (max-width: 164px) 100vw, 164px\" \/><\/a><p id=\"caption-attachment-650\" class=\"wp-caption-text\"><span style=\"color: #333399;\">\u00a0 \u00a0 \u00a0 \u00a0 Lea nuestra pol\u00edtica de calidad<\/span><\/p><\/div>\n<ul style=\"text-align: justify;\">\n<li><em>Calidad es hacer bien el trabajo en cada momento, y en cada etapa del mismo. Calidad es reducir costes in\u00fatiles. Calidad es prevenir errores. <\/em><\/li>\n<li><em>Calidad es responder a los usuarios internos y externos. <\/em><\/li>\n<li><em>Calidad es involucrar a todos los actores dentro del sistema para lograr objetivos comunes. <\/em><\/li>\n<li><em>Calidad es el compromiso con la innovaci\u00f3n, la adaptaci\u00f3n a los procesos de mejora y metodolog\u00edas que pretenden dar seguridad, seriedad y servicio empresarial. <\/em><\/li>\n<\/ul>\n<p style=\"text-align: justify;\">\u00a0\u00a0\u00a0\u00a0\u00a0\u00a0\u00a0\u00a0 El <strong>ICCD<\/strong> implementa su sistema de gesti\u00f3n de la Calidad con:<\/p>\n<ol>\n<li style=\"text-align: justify;\">Un manual de calidad.<\/li>\n<li style=\"text-align: justify;\">Procedimientos generales<\/li>\n<li style=\"text-align: justify;\">Instrucciones t\u00e9cnicas de trabajo.<\/li>\n<li style=\"text-align: justify;\">Gu\u00edas de procedimiento t\u00e9cnico.<\/li>\n<li style=\"text-align: justify;\">Documentaci\u00f3n externa de referencia en materia de Calidad<\/li>\n<\/ol>\n","protected":false},"excerpt":{"rendered":"<p>SISTEMA DE CALIDAD \u00a0 \u00a0 \u00a0 \u00a0 \u00a0La pol\u00edtica de calidad, es la que indica la directriz y los objetivos generales de una empresa, es el tim\u00f3n en cuestiones de calidad, optimizaci\u00f3n de los recursos y procedimientos necesarios para impulsar el rendimiento empresarial.l Sistema de Gesti\u00f3n de la Calidad, es&#8230;<\/p>\n<p class=\"continue-reading-button\"> <a class=\"continue-reading-link\" href=\"https:\/\/iccd.es\/bienvenidos-a-iccd\/sistema-de-calidad\/\">Continue reading<i class=\"crycon-right-dir\"><\/i><\/a><\/p>\n","protected":false},"author":2,"featured_media":0,"parent":0,"menu_order":0,"comment_status":"closed","ping_status":"closed","template":"","meta":{"jetpack_post_was_ever_published":false,"footnotes":""},"class_list":["post-646","page","type-page","status-publish","hentry"],"jetpack_sharing_enabled":true,"jetpack_shortlink":"https:\/\/wp.me\/PacHYo-aq","_links":{"self":[{"href":"https:\/\/iccd.es\/bienvenidos-a-iccd\/wp-json\/wp\/v2\/pages\/646","targetHints":{"allow":["GET"]}}],"collection":[{"href":"https:\/\/iccd.es\/bienvenidos-a-iccd\/wp-json\/wp\/v2\/pages"}],"about":[{"href":"https:\/\/iccd.es\/bienvenidos-a-iccd\/wp-json\/wp\/v2\/types\/page"}],"author":[{"embeddable":true,"href":"https:\/\/iccd.es\/bienvenidos-a-iccd\/wp-json\/wp\/v2\/users\/2"}],"replies":[{"embeddable":true,"href":"https:\/\/iccd.es\/bienvenidos-a-iccd\/wp-json\/wp\/v2\/comments?post=646"}],"version-history":[{"count":9,"href":"https:\/\/iccd.es\/bienvenidos-a-iccd\/wp-json\/wp\/v2\/pages\/646\/revisions"}],"predecessor-version":[{"id":654,"href":"https:\/\/iccd.es\/bienvenidos-a-iccd\/wp-json\/wp\/v2\/pages\/646\/revisions\/654"}],"wp:attachment":[{"href":"https:\/\/iccd.es\/bienvenidos-a-iccd\/wp-json\/wp\/v2\/media?parent=646"}],"curies":[{"name":"wp","href":"https:\/\/api.w.org\/{rel}","templated":true}]}}