{"id":57,"date":"2018-08-06T18:57:04","date_gmt":"2018-08-06T16:57:04","guid":{"rendered":"https:\/\/iccd.es\/?page_id=57"},"modified":"2022-02-17T19:07:44","modified_gmt":"2022-02-17T18:07:44","slug":"bienvenidos-a-iccd","status":"publish","type":"page","link":"https:\/\/iccd.es\/bienvenidos-a-iccd\/","title":{"rendered":"Bienvenidos"},"content":{"rendered":"<h1 style=\"text-align: center;\"><span style=\"color: #004457;\">WEB DEL INSTITUTO CIENTIFICO DE CRIMINALISTICA DOCUMENTAL<\/span><\/h1>\n<p style=\"text-align: justify;\">Este Laboratorio Privado ha sido el primero en Espa\u00f1a en utilizar sistemas de an\u00e1lisis multiespectral y Peritajes Caligr\u00e1ficos (privados\/judiciales) con los \u00faltimos sistemas de detecci\u00f3n e ilustraci\u00f3n, estando especializado en Pericias Caligr\u00e1ficas, Documentoscopia, Grafolog\u00eda Forense, Criminal\u00edstica Documental y\u00a0<u>Expertizaje en Obras de Arte<\/u>.<\/p>\n<p style=\"text-align: justify;\"><a href=\"https:\/\/iccd.es\/wp-content\/uploads\/2018\/08\/ICCD-INTERPOL.jpg\" target=\"_blank\" rel=\"noopener\"><img loading=\"lazy\" decoding=\"async\" class=\"wp-image-989 size-medium alignleft\" src=\"https:\/\/iccd.es\/wp-content\/uploads\/2018\/08\/ICCD-INTERPOL-300x229.jpg\" alt=\"\" width=\"300\" height=\"229\" srcset=\"https:\/\/iccd.es\/wp-content\/uploads\/2018\/08\/ICCD-INTERPOL-300x229.jpg 300w, https:\/\/iccd.es\/wp-content\/uploads\/2018\/08\/ICCD-INTERPOL-150x114.jpg 150w, https:\/\/iccd.es\/wp-content\/uploads\/2018\/08\/ICCD-INTERPOL.jpg 708w\" sizes=\"auto, (max-width: 300px) 100vw, 300px\" \/><\/a><\/p>\n<p style=\"text-align: center;\"><span style=\"font-family: Ubuntu; text-align: justify; font-style: italic;\">Colaboramos como agentes responsables de investigaci\u00f3n y verificaci\u00f3n con la\u00a0<\/span><b style=\"text-align: justify; font-style: italic;\">INTERPOL<\/b><span style=\"font-family: Ubuntu; text-align: justify; font-style: italic;\">\u00a0<\/span><i style=\"text-align: justify;\">(Counterfeit &amp; Security Document Branch)<\/i><span style=\"font-family: Ubuntu; text-align: justify; font-style: italic;\">\u00a0en el Proyecto:\u00a0<\/span><u style=\"text-align: justify; font-style: italic;\">\u00abESTUDIO F\u00cdSICO-QUIMICO DE LOS ENTRECRUZAMIENTOS DE TRAZOS\u00bb.<\/u><\/p>\n<p style=\"text-align: justify;\">El Instituto-ICCD est\u00e1 integrado por profesionales altamente cualificados as\u00ed como por el instrumental t\u00e9cnico de \u00faltima generaci\u00f3n de su laboratorio para la elaboraci\u00f3n de informes tanto privados como judiciales en las \u00e1reas de:<\/p>\n<ul style=\"text-align: justify;\">\n<li>Graf\u00edstica y Documentoscopia<\/li>\n<li>Expertizaje de Obras de Arte<\/li>\n<li>Grafolog\u00eda Forense<\/li>\n<li>Grafolog\u00eda Educativa<\/li>\n<li>Selecci\u00f3n de Personal<\/li>\n<li>Reeducaci\u00f3n escritural (Grafoterapia)<\/li>\n<li>Formaci\u00f3n en criminal\u00edstica documental, grafolog\u00eda y grafopatolog\u00eda cl\u00ednica y forense.<\/li>\n<\/ul>\n<p style=\"text-align: justify;\">Disponemos de Delegaciones Regionales en Espa\u00f1a como a nivel Internacional para atender a sus requerimientos.<\/p>\n<hr \/>\n<div>\n<div>\n<h2 style=\"text-align: center;\"><span style=\"color: #9e5200;\">DIVISIONES PRINCIPALES de ACTUACION<\/span><\/h2>\n<h4><strong><em>PERITACION DE FIRMAS, ESCRITURAS Y DOCUMENTOS<\/em><\/strong><\/h4>\n<p style=\"text-align: justify;\">Comprobaci\u00f3n de firmas autenticas o falsas, ver alteraciones fraudulentas en documentos, elaborar informes periciales para los Tribunales, identificaci\u00f3n de an\u00f3nimos, lavados qu\u00edmicos, discriminaci\u00f3n de tintas por medios no destructivos, temporalidad de documentos, etc.<\/p>\n<h4><strong><em>SERVICIO DE COLABORACION EXTERNO<\/em><\/strong><\/h4>\n<p style=\"text-align: justify;\">Nuestro laboratorio pone a disposici\u00f3n sus equipos tecnol\u00f3gicos de \u00faltima generaci\u00f3n y la experiencia profesional de sus miembros, para todos aquellos peritos que necesiten de la realizaci\u00f3n de pruebas o apoyo de consultor\u00eda, tales como:<\/p>\n<p style=\"padding-left: 30px; text-align: justify;\"><i><b>a) Identificaci\u00f3n de tintas, o alteraciones fraudulentas por an\u00e1lisis espectral<\/b><\/i>\u00a0(NO destructivo),<\/p>\n<p style=\"padding-left: 30px; text-align: justify;\"><i><b>b) Determinaci\u00f3n de la secuencia de posicionamiento de trazos<\/b><\/i>\u00a0(el ICCD utiliza el m\u00e9todo de determinaci\u00f3n de cruces de trazo establecido cient\u00edficamente por la Interpol, habiendo participado en la confecci\u00f3n del mismo y siendo en la actualidad el \u00fanico laboratorio privado a nivel mundial autorizado por la Interpol, que colabora con dicha entidad en materia de falsedad documental, junto con laboratorios policiales de Criminal\u00edstica de \u00e1mbito internacional),<\/p>\n<p style=\"padding-left: 30px; text-align: justify;\"><i><b>c) Asesoramiento metodol\u00f3gico en la realizaci\u00f3n de informes<\/b><\/i>\u00a0de car\u00e1cter complejo con m\u00faltiples objetos periciales y\/o autores,<\/p>\n<p style=\"padding-left: 30px; text-align: justify;\"><i><b>d) Consulta sobre conclusiones\u00a0<\/b><\/i>para as\u00ed obtener una opini\u00f3n profesional de contraste. As\u00ed mismo, podemos realizar por completo el informe pericial del perito que lo solicite, ajust\u00e1ndonos a la plantilla de trabajo que el mismo nos facilite, aportando as\u00ed mayor seguridad en el establecimiento de las conclusiones.\u00a0<u>Consultar precios y condiciones<\/u>.<\/p>\n<h4 style=\"text-align: center;\"><a href=\"https:\/\/arte.iccd.es\/\" target=\"_blank\" rel=\"noopener\"><a class=\"ctsc-button ctsc-button-normal ctsc-button-none  \" href=\"https:\/\/arte.iccd.es\" style=\" background:#666666;\n\t\t\t\tbackground:-moz-linear-gradient(top, #666666 0%, #444444 100%);\n\t\t\t\tbackground:-webkit-linear-gradient(top, #666666 0%, #444444 100%); \n\t\t\t\tbackground:linear-gradient(to bottom, #666666 0%, #444444 100%);\n\t\t\t\tfilter:progid:DXImageTransform.Microsoft.gradient(startColorstr='#666666', endColorstr='#444444',GradientType=0); color:#FFFFFF;\"><span class=\"ctsc-button-content\"><span class=\"ctsc-button-text\">ARTE ICCD<\/span><span class=\"ctsc-button-description\">Visite nuestra divisi\u00f3n de Expertizaci\u00f3n de Obras de Arte<\/span><\/span><\/a><\/a><\/h4>\n<p style=\"text-align: justify;\">Realizamos un examen \u00edntegro de la obra: desde el estudio de la realidad f\u00edsico-qu\u00edmica, estudio de estilo, pasando por un an\u00e1lisis de escrituras, firmas y\/o monogramas, hasta estudios espec\u00edficos de paleta y t\u00e9cnica, estudio de documentaci\u00f3n y procedencia de la pieza&#8230; La exigencias del mercado hacen necesario hoy d\u00eda que la obra quede perfectamente identificada para su venta dando unas garant\u00edas al propietario y potencial vendedor, como al comprador.<\/p>\n<\/div>\n<\/div>\n","protected":false},"excerpt":{"rendered":"<p>WEB DEL INSTITUTO CIENTIFICO DE CRIMINALISTICA DOCUMENTAL Este Laboratorio Privado ha sido el primero en Espa\u00f1a en utilizar sistemas de an\u00e1lisis multiespectral y Peritajes Caligr\u00e1ficos (privados\/judiciales) con los \u00faltimos sistemas de detecci\u00f3n e ilustraci\u00f3n, estando especializado en Pericias Caligr\u00e1ficas, Documentoscopia, Grafolog\u00eda Forense, Criminal\u00edstica Documental y\u00a0Expertizaje en Obras de Arte. Colaboramos&#8230;<\/p>\n<p class=\"continue-reading-button\"> <a class=\"continue-reading-link\" href=\"https:\/\/iccd.es\/bienvenidos-a-iccd\/\">Continue reading<i class=\"crycon-right-dir\"><\/i><\/a><\/p>\n","protected":false},"author":2,"featured_media":0,"parent":0,"menu_order":0,"comment_status":"closed","ping_status":"closed","template":"","meta":{"jetpack_post_was_ever_published":false,"footnotes":""},"class_list":["post-57","page","type-page","status-publish","hentry"],"jetpack_sharing_enabled":true,"jetpack_shortlink":"https:\/\/wp.me\/PacHYo-V","_links":{"self":[{"href":"https:\/\/iccd.es\/bienvenidos-a-iccd\/wp-json\/wp\/v2\/pages\/57","targetHints":{"allow":["GET"]}}],"collection":[{"href":"https:\/\/iccd.es\/bienvenidos-a-iccd\/wp-json\/wp\/v2\/pages"}],"about":[{"href":"https:\/\/iccd.es\/bienvenidos-a-iccd\/wp-json\/wp\/v2\/types\/page"}],"author":[{"embeddable":true,"href":"https:\/\/iccd.es\/bienvenidos-a-iccd\/wp-json\/wp\/v2\/users\/2"}],"replies":[{"embeddable":true,"href":"https:\/\/iccd.es\/bienvenidos-a-iccd\/wp-json\/wp\/v2\/comments?post=57"}],"version-history":[{"count":32,"href":"https:\/\/iccd.es\/bienvenidos-a-iccd\/wp-json\/wp\/v2\/pages\/57\/revisions"}],"predecessor-version":[{"id":1376,"href":"https:\/\/iccd.es\/bienvenidos-a-iccd\/wp-json\/wp\/v2\/pages\/57\/revisions\/1376"}],"wp:attachment":[{"href":"https:\/\/iccd.es\/bienvenidos-a-iccd\/wp-json\/wp\/v2\/media?parent=57"}],"curies":[{"name":"wp","href":"https:\/\/api.w.org\/{rel}","templated":true}]}}