{"id":517,"date":"2018-08-26T12:12:45","date_gmt":"2018-08-26T10:12:45","guid":{"rendered":"https:\/\/iccd.es\/?page_id=517"},"modified":"2018-08-27T20:51:08","modified_gmt":"2018-08-27T18:51:08","slug":"campus-iecg-iccd","status":"publish","type":"page","link":"https:\/\/iccd.es\/bienvenidos-a-iccd\/campus-iecg-iccd\/","title":{"rendered":"Campus IECG-ICCD"},"content":{"rendered":"<p>Accede a nuesttro campus virtual donde tendr\u00e1s una amplia oferta formativa:<\/p>\n<p><a href=\"http:\/\/iecg.es\/campus\" target=\"_blank\" rel=\"noopener\"><img loading=\"lazy\" decoding=\"async\" class=\"wp-image-518 alignleft\" src=\"https:\/\/iccd.es\/wp-content\/uploads\/2018\/08\/campus.png\" alt=\"\" width=\"182\" height=\"182\" srcset=\"https:\/\/iccd.es\/wp-content\/uploads\/2018\/08\/campus.png 225w, https:\/\/iccd.es\/wp-content\/uploads\/2018\/08\/campus-150x150.png 150w, https:\/\/iccd.es\/wp-content\/uploads\/2018\/08\/campus-125x125.png 125w, https:\/\/iccd.es\/wp-content\/uploads\/2018\/08\/campus-110x110.png 110w\" sizes=\"auto, (max-width: 182px) 100vw, 182px\" \/><\/a><strong>CRIMINAL\u00cdSTICA DOCUMENTAL<\/strong><\/p>\n<p>Categor\u00eda que abarca cursos sobre las areas de Graf\u00edstica y Documentoscopia: Escrituras, Firmas\u00a0 y Documentos. Peritaje judicial calig<\/p>\n<p>r\u00e1fico y formaciones continuas para peritos profesionales.<\/p>\n<p><strong>GRAFOPSICOLOG\u00cdA Y GRAFOPATOLOG\u00cdA FORENSE<\/strong><\/p>\n<p>Categor\u00eda que abarca cursos sobre las areas de Grafolog\u00eda, Grafopatolog\u00eda Forenses y Paidografologia y Grafoan\u00e1lisis. Formaci\u00f3n continua para graf\u00f3logos<\/p>\n<p><a href=\"http:\/\/iecg.es\/campus\" target=\"_blank\" rel=\"noopener\"><img loading=\"lazy\" decoding=\"async\" class=\"wp-image-520 size-full\" src=\"https:\/\/iccd.es\/wp-content\/uploads\/2018\/08\/campus2.jpg\" alt=\"\" width=\"1092\" height=\"678\" srcset=\"https:\/\/iccd.es\/wp-content\/uploads\/2018\/08\/campus2.jpg 1092w, https:\/\/iccd.es\/wp-content\/uploads\/2018\/08\/campus2-300x186.jpg 300w, https:\/\/iccd.es\/wp-content\/uploads\/2018\/08\/campus2-768x477.jpg 768w, https:\/\/iccd.es\/wp-content\/uploads\/2018\/08\/campus2-1024x636.jpg 1024w, https:\/\/iccd.es\/wp-content\/uploads\/2018\/08\/campus2-110x68.jpg 110w, https:\/\/iccd.es\/wp-content\/uploads\/2018\/08\/campus2-420x261.jpg 420w, https:\/\/iccd.es\/wp-content\/uploads\/2018\/08\/campus2-693x430.jpg 693w\" sizes=\"auto, (max-width: 1092px) 100vw, 1092px\" \/><\/a><\/p>\n<p>&nbsp;<\/p>\n","protected":false},"excerpt":{"rendered":"<p>Accede a nuesttro campus virtual donde tendr\u00e1s una amplia oferta formativa: CRIMINAL\u00cdSTICA DOCUMENTAL Categor\u00eda que abarca cursos sobre las areas de Graf\u00edstica y Documentoscopia: Escrituras, Firmas\u00a0 y Documentos. Peritaje judicial calig r\u00e1fico y formaciones continuas para peritos profesionales. GRAFOPSICOLOG\u00cdA Y GRAFOPATOLOG\u00cdA FORENSE Categor\u00eda que abarca cursos sobre las areas de&#8230;<\/p>\n<p class=\"continue-reading-button\"> <a class=\"continue-reading-link\" href=\"https:\/\/iccd.es\/bienvenidos-a-iccd\/campus-iecg-iccd\/\">Continue reading<i class=\"crycon-right-dir\"><\/i><\/a><\/p>\n","protected":false},"author":2,"featured_media":0,"parent":0,"menu_order":0,"comment_status":"closed","ping_status":"closed","template":"","meta":{"jetpack_post_was_ever_published":false,"footnotes":""},"class_list":["post-517","page","type-page","status-publish","hentry"],"jetpack_sharing_enabled":true,"jetpack_shortlink":"https:\/\/wp.me\/PacHYo-8l","_links":{"self":[{"href":"https:\/\/iccd.es\/bienvenidos-a-iccd\/wp-json\/wp\/v2\/pages\/517","targetHints":{"allow":["GET"]}}],"collection":[{"href":"https:\/\/iccd.es\/bienvenidos-a-iccd\/wp-json\/wp\/v2\/pages"}],"about":[{"href":"https:\/\/iccd.es\/bienvenidos-a-iccd\/wp-json\/wp\/v2\/types\/page"}],"author":[{"embeddable":true,"href":"https:\/\/iccd.es\/bienvenidos-a-iccd\/wp-json\/wp\/v2\/users\/2"}],"replies":[{"embeddable":true,"href":"https:\/\/iccd.es\/bienvenidos-a-iccd\/wp-json\/wp\/v2\/comments?post=517"}],"version-history":[{"count":19,"href":"https:\/\/iccd.es\/bienvenidos-a-iccd\/wp-json\/wp\/v2\/pages\/517\/revisions"}],"predecessor-version":[{"id":879,"href":"https:\/\/iccd.es\/bienvenidos-a-iccd\/wp-json\/wp\/v2\/pages\/517\/revisions\/879"}],"wp:attachment":[{"href":"https:\/\/iccd.es\/bienvenidos-a-iccd\/wp-json\/wp\/v2\/media?parent=517"}],"curies":[{"name":"wp","href":"https:\/\/api.w.org\/{rel}","templated":true}]}}