{"id":462,"date":"2018-08-25T21:24:25","date_gmt":"2018-08-25T19:24:25","guid":{"rendered":"https:\/\/iccd.es\/?page_id=462"},"modified":"2018-08-27T19:48:43","modified_gmt":"2018-08-27T17:48:43","slug":"presion","status":"publish","type":"page","link":"https:\/\/iccd.es\/bienvenidos-a-iccd\/presion\/","title":{"rendered":"Presi\u00f3n"},"content":{"rendered":"<h2 style=\"text-align: center;\">VALORACION de la PRESION POR RADIACION INFRARROJA FILTRADA<\/h2>\n<h3 style=\"text-align: center;\">Metodo MEPRI<\/h3>\n<p style=\"text-align: center;\">(M\u00e9todo de Eliminaci\u00f3n de Pigmentos por Radiaci\u00f3n Infrarroja)<\/p>\n\n\t\t<style type=\"text\/css\">\n\t\t\t#gallery-1 {\n\t\t\t\tmargin: auto;\n\t\t\t}\n\t\t\t#gallery-1 .gallery-item {\n\t\t\t\tfloat: left;\n\t\t\t\tmargin-top: 10px;\n\t\t\t\ttext-align: center;\n\t\t\t\twidth: 25%;\n\t\t\t}\n\t\t\t#gallery-1 img {\n\t\t\t\tborder: 2px solid #cfcfcf;\n\t\t\t}\n\t\t\t#gallery-1 .gallery-caption {\n\t\t\t\tmargin-left: 0;\n\t\t\t}\n\t\t\t\/* see gallery_shortcode() in wp-includes\/media.php *\/\n\t\t<\/style>\n\t\t<div id='gallery-1' class='gallery galleryid-462 gallery-columns-4 gallery-size-full'><dl class='gallery-item'>\n\t\t\t<dt class='gallery-icon landscape'>\n\t\t\t\t<a href='https:\/\/iccd.es\/wp-content\/uploads\/2018\/08\/IMG_4841.jpg'><img loading=\"lazy\" decoding=\"async\" width=\"344\" height=\"272\" src=\"https:\/\/iccd.es\/wp-content\/uploads\/2018\/08\/IMG_4841.jpg\" class=\"attachment-full size-full\" alt=\"\" srcset=\"https:\/\/iccd.es\/wp-content\/uploads\/2018\/08\/IMG_4841.jpg 344w, https:\/\/iccd.es\/wp-content\/uploads\/2018\/08\/IMG_4841-300x237.jpg 300w, https:\/\/iccd.es\/wp-content\/uploads\/2018\/08\/IMG_4841-110x87.jpg 110w\" sizes=\"auto, (max-width: 344px) 100vw, 344px\" \/><\/a>\n\t\t\t<\/dt><\/dl><dl class='gallery-item'>\n\t\t\t<dt class='gallery-icon landscape'>\n\t\t\t\t<a href='https:\/\/iccd.es\/wp-content\/uploads\/2018\/08\/IMG_4842.jpg'><img loading=\"lazy\" decoding=\"async\" width=\"332\" height=\"268\" src=\"https:\/\/iccd.es\/wp-content\/uploads\/2018\/08\/IMG_4842.jpg\" class=\"attachment-full size-full\" alt=\"\" srcset=\"https:\/\/iccd.es\/wp-content\/uploads\/2018\/08\/IMG_4842.jpg 332w, https:\/\/iccd.es\/wp-content\/uploads\/2018\/08\/IMG_4842-300x242.jpg 300w, https:\/\/iccd.es\/wp-content\/uploads\/2018\/08\/IMG_4842-110x89.jpg 110w\" sizes=\"auto, (max-width: 332px) 100vw, 332px\" \/><\/a>\n\t\t\t<\/dt><\/dl><dl class='gallery-item'>\n\t\t\t<dt class='gallery-icon landscape'>\n\t\t\t\t<a href='https:\/\/iccd.es\/wp-content\/uploads\/2018\/08\/prsion-parcial-firma-vis.jpg'><img loading=\"lazy\" decoding=\"async\" width=\"720\" height=\"576\" src=\"https:\/\/iccd.es\/wp-content\/uploads\/2018\/08\/prsion-parcial-firma-vis.jpg\" class=\"attachment-full size-full\" alt=\"\" srcset=\"https:\/\/iccd.es\/wp-content\/uploads\/2018\/08\/prsion-parcial-firma-vis.jpg 720w, https:\/\/iccd.es\/wp-content\/uploads\/2018\/08\/prsion-parcial-firma-vis-300x240.jpg 300w, https:\/\/iccd.es\/wp-content\/uploads\/2018\/08\/prsion-parcial-firma-vis-110x88.jpg 110w, https:\/\/iccd.es\/wp-content\/uploads\/2018\/08\/prsion-parcial-firma-vis-420x336.jpg 420w, https:\/\/iccd.es\/wp-content\/uploads\/2018\/08\/prsion-parcial-firma-vis-538x430.jpg 538w\" sizes=\"auto, (max-width: 720px) 100vw, 720px\" \/><\/a>\n\t\t\t<\/dt><\/dl><dl class='gallery-item'>\n\t\t\t<dt class='gallery-icon landscape'>\n\t\t\t\t<a href='https:\/\/iccd.es\/wp-content\/uploads\/2018\/08\/prsion-parcial-firma-mepri.jpg'><img loading=\"lazy\" decoding=\"async\" width=\"720\" height=\"576\" src=\"https:\/\/iccd.es\/wp-content\/uploads\/2018\/08\/prsion-parcial-firma-mepri.jpg\" class=\"attachment-full size-full\" alt=\"\" srcset=\"https:\/\/iccd.es\/wp-content\/uploads\/2018\/08\/prsion-parcial-firma-mepri.jpg 720w, https:\/\/iccd.es\/wp-content\/uploads\/2018\/08\/prsion-parcial-firma-mepri-300x240.jpg 300w, https:\/\/iccd.es\/wp-content\/uploads\/2018\/08\/prsion-parcial-firma-mepri-110x88.jpg 110w, https:\/\/iccd.es\/wp-content\/uploads\/2018\/08\/prsion-parcial-firma-mepri-420x336.jpg 420w, https:\/\/iccd.es\/wp-content\/uploads\/2018\/08\/prsion-parcial-firma-mepri-538x430.jpg 538w\" sizes=\"auto, (max-width: 720px) 100vw, 720px\" \/><\/a>\n\t\t\t<\/dt><\/dl><br style=\"clear: both\" \/><dl class='gallery-item'>\n\t\t\t<dt class='gallery-icon landscape'>\n\t\t\t\t<a href='https:\/\/iccd.es\/wp-content\/uploads\/2018\/07\/vis1.jpg'><img loading=\"lazy\" decoding=\"async\" width=\"640\" height=\"480\" src=\"https:\/\/iccd.es\/wp-content\/uploads\/2018\/07\/vis1.jpg\" class=\"attachment-full size-full\" alt=\"\" srcset=\"https:\/\/iccd.es\/wp-content\/uploads\/2018\/07\/vis1.jpg 640w, https:\/\/iccd.es\/wp-content\/uploads\/2018\/07\/vis1-300x225.jpg 300w\" sizes=\"auto, (max-width: 640px) 100vw, 640px\" \/><\/a>\n\t\t\t<\/dt><\/dl><dl class='gallery-item'>\n\t\t\t<dt class='gallery-icon landscape'>\n\t\t\t\t<a href='https:\/\/iccd.es\/wp-content\/uploads\/2018\/07\/ir1-e1533583008556.jpg'><img loading=\"lazy\" decoding=\"async\" width=\"640\" height=\"480\" src=\"https:\/\/iccd.es\/wp-content\/uploads\/2018\/07\/ir1-e1533583008556.jpg\" class=\"attachment-full size-full\" alt=\"\" srcset=\"https:\/\/iccd.es\/wp-content\/uploads\/2018\/07\/ir1-e1533583008556.jpg 640w, https:\/\/iccd.es\/wp-content\/uploads\/2018\/07\/ir1-e1533583008556-300x225.jpg 300w\" sizes=\"auto, (max-width: 640px) 100vw, 640px\" \/><\/a>\n\t\t\t<\/dt><\/dl><dl class='gallery-item'>\n\t\t\t<dt class='gallery-icon landscape'>\n\t\t\t\t<a href='https:\/\/iccd.es\/wp-content\/uploads\/2018\/08\/vis-e1535225024378.jpg'><img loading=\"lazy\" decoding=\"async\" width=\"640\" height=\"484\" src=\"https:\/\/iccd.es\/wp-content\/uploads\/2018\/08\/vis-e1535225024378.jpg\" class=\"attachment-full size-full\" alt=\"\" srcset=\"https:\/\/iccd.es\/wp-content\/uploads\/2018\/08\/vis-e1535225024378.jpg 640w, https:\/\/iccd.es\/wp-content\/uploads\/2018\/08\/vis-e1535225024378-300x227.jpg 300w, https:\/\/iccd.es\/wp-content\/uploads\/2018\/08\/vis-e1535225024378-110x83.jpg 110w, https:\/\/iccd.es\/wp-content\/uploads\/2018\/08\/vis-e1535225024378-420x318.jpg 420w, https:\/\/iccd.es\/wp-content\/uploads\/2018\/08\/vis-e1535225024378-569x430.jpg 569w\" sizes=\"auto, (max-width: 640px) 100vw, 640px\" \/><\/a>\n\t\t\t<\/dt><\/dl><dl class='gallery-item'>\n\t\t\t<dt class='gallery-icon landscape'>\n\t\t\t\t<a href='https:\/\/iccd.es\/wp-content\/uploads\/2018\/08\/IMG_7919-e1535225036977.jpg'><img loading=\"lazy\" decoding=\"async\" width=\"1175\" height=\"879\" src=\"https:\/\/iccd.es\/wp-content\/uploads\/2018\/08\/IMG_7919-e1535225036977.jpg\" class=\"attachment-full size-full\" alt=\"\" srcset=\"https:\/\/iccd.es\/wp-content\/uploads\/2018\/08\/IMG_7919-e1535225036977.jpg 1175w, https:\/\/iccd.es\/wp-content\/uploads\/2018\/08\/IMG_7919-e1535225036977-300x224.jpg 300w, https:\/\/iccd.es\/wp-content\/uploads\/2018\/08\/IMG_7919-e1535225036977-768x575.jpg 768w, https:\/\/iccd.es\/wp-content\/uploads\/2018\/08\/IMG_7919-e1535225036977-1024x766.jpg 1024w, https:\/\/iccd.es\/wp-content\/uploads\/2018\/08\/IMG_7919-e1535225036977-110x82.jpg 110w, https:\/\/iccd.es\/wp-content\/uploads\/2018\/08\/IMG_7919-e1535225036977-420x314.jpg 420w, https:\/\/iccd.es\/wp-content\/uploads\/2018\/08\/IMG_7919-e1535225036977-575x430.jpg 575w\" sizes=\"auto, (max-width: 1175px) 100vw, 1175px\" \/><\/a>\n\t\t\t<\/dt><\/dl><br style=\"clear: both\" \/>\n\t\t<\/div>\n\n<h4 style=\"text-align: center;\">Aqu\u00ed tienes una animaci\u00f3n en video de la carga de presi\u00f3n<\/h4>\n<p><span class=\"embed-youtube\" style=\"text-align:center; display: block;\"><iframe loading=\"lazy\" class=\"youtube-player\" width=\"900\" height=\"507\" src=\"https:\/\/www.youtube.com\/embed\/9ctKckjxHgw?version=3&#038;rel=1&#038;showsearch=0&#038;showinfo=1&#038;iv_load_policy=1&#038;fs=1&#038;hl=es-ES&#038;autohide=2&#038;wmode=transparent\" allowfullscreen=\"true\" style=\"border:0;\" sandbox=\"allow-scripts allow-same-origin allow-popups allow-presentation allow-popups-to-escape-sandbox\"><\/iframe><\/span><\/p>\n","protected":false},"excerpt":{"rendered":"<p>VALORACION de la PRESION POR RADIACION INFRARROJA FILTRADA Metodo MEPRI (M\u00e9todo de Eliminaci\u00f3n de Pigmentos por Radiaci\u00f3n Infrarroja) Aqu\u00ed tienes una animaci\u00f3n en video de la carga de presi\u00f3n<\/p>\n<p class=\"continue-reading-button\"> <a class=\"continue-reading-link\" href=\"https:\/\/iccd.es\/bienvenidos-a-iccd\/presion\/\">Continue reading<i class=\"crycon-right-dir\"><\/i><\/a><\/p>\n","protected":false},"author":2,"featured_media":0,"parent":0,"menu_order":0,"comment_status":"closed","ping_status":"closed","template":"","meta":{"jetpack_post_was_ever_published":false,"footnotes":""},"class_list":["post-462","page","type-page","status-publish","hentry"],"jetpack_sharing_enabled":true,"jetpack_shortlink":"https:\/\/wp.me\/PacHYo-7s","_links":{"self":[{"href":"https:\/\/iccd.es\/bienvenidos-a-iccd\/wp-json\/wp\/v2\/pages\/462","targetHints":{"allow":["GET"]}}],"collection":[{"href":"https:\/\/iccd.es\/bienvenidos-a-iccd\/wp-json\/wp\/v2\/pages"}],"about":[{"href":"https:\/\/iccd.es\/bienvenidos-a-iccd\/wp-json\/wp\/v2\/types\/page"}],"author":[{"embeddable":true,"href":"https:\/\/iccd.es\/bienvenidos-a-iccd\/wp-json\/wp\/v2\/users\/2"}],"replies":[{"embeddable":true,"href":"https:\/\/iccd.es\/bienvenidos-a-iccd\/wp-json\/wp\/v2\/comments?post=462"}],"version-history":[{"count":13,"href":"https:\/\/iccd.es\/bienvenidos-a-iccd\/wp-json\/wp\/v2\/pages\/462\/revisions"}],"predecessor-version":[{"id":481,"href":"https:\/\/iccd.es\/bienvenidos-a-iccd\/wp-json\/wp\/v2\/pages\/462\/revisions\/481"}],"wp:attachment":[{"href":"https:\/\/iccd.es\/bienvenidos-a-iccd\/wp-json\/wp\/v2\/media?parent=462"}],"curies":[{"name":"wp","href":"https:\/\/api.w.org\/{rel}","templated":true}]}}