{"id":426,"date":"2018-08-25T20:11:48","date_gmt":"2018-08-25T18:11:48","guid":{"rendered":"https:\/\/iccd.es\/?page_id=426"},"modified":"2019-09-06T10:25:58","modified_gmt":"2019-09-06T08:25:58","slug":"expertsys","status":"publish","type":"page","link":"https:\/\/iccd.es\/bienvenidos-a-iccd\/expertsys\/","title":{"rendered":"ExpertSys"},"content":{"rendered":"<div>\n<ul>\n<li>\n<p style=\"text-align: justify;\">Estaci\u00f3n completa de trabajo criminal\u00edstico Multifuncional, del Sistema Video Comparador y para An\u00e1lisis Multiespectrales de Firmas, Escrituras y Documentos \u00abExpertSys\u00ae\u00bb<\/p>\n<\/li>\n<li style=\"text-align: justify;\">Sistema de video inspecci\u00f3n y multi comparador con macro zoom (B\/N \u2013 Color) con captura y comparaci\u00f3n de im\u00e1genes en tiempo real en Monitor de 14\u2019\u2019 e incorporado a estaci\u00f3n de trabajo inform\u00e1tico<\/li>\n<li>\n<p style=\"text-align: justify;\">Unidad Especial de Observaci\u00f3n \u2013 Pr\u00f3ximo Infrarrojos. Luminiscencias en el campo visible e infrarrojos. C\u00e1mara de Video de amplio espectro (cobertura en la gama UV e IF)<\/p>\n<\/li>\n<\/ul>\n<p>ExpertSys\u00ae funciona dentro de las normas WINDOWS y las im\u00e1genes, en su totalidad o por sectores, pueden ser enviadas de manera \u00abautom\u00e1tica\u00bb a cualquier otro programa que trabaje en el mismo ambiente, como por ejemplo Winword, PowerPoint, etc.<\/p>\n<\/div>\n<p>ExpertSys\u00ae ha sido desarrollado con la colaboraci\u00f3n de ex-expertos de la INTERPOL, Expertos en an\u00e1lisis de documentos de la Corte de Justicia de Versalles, e ingenieros inform\u00e1ticos franceses especializados en an\u00e1lisis multi espectrales.<\/p>\n<p>ExpertSys\u00ae es propiedad intelectual y comercial de C&amp;S International debidamente registrados en Francia, en el registro del Departamento de Derechos de Autor : 970918 en Soci\u00e9t\u00e9 des Gens de Lettres Hotel de Massa 38, rue Foubourg Saint Jacques 75014 PARIS.<\/p>\n<p>ExpertSys\u00ae es fabricado y producido por C&amp;S International en Francia de conformidad a la legislaci\u00f3n francesa e internacional.<\/p>\n<hr class=\"linea_color\" \/>\n<p><strong>El \u00abtratamiento de im\u00e1genes multi-espectrales\u00bb, ofrece las posibilidades criminal\u00edsticas siguientes:<\/strong><\/p>\n<ul>\n<li>comparaciones de tintas (con filtros \u00f3pticos)<\/li>\n<li>extracci\u00f3n selectiva de pigmentos con utilizaci\u00f3n de filtros \u00f3pticos (UV a IR)<\/li>\n<li>comparaci\u00f3n de papeles en documentos cuestionados<\/li>\n<li>comparaciones de maquinas de escribir<\/li>\n<li>comparaciones de billetes (nacionales y D\u00f3lares)<\/li>\n<li>comparaciones dactilosc\u00f3picas<\/li>\n<li>comparaciones bal\u00edsticas<\/li>\n<li>comparaciones biol\u00f3gicas<\/li>\n<\/ul>\n<h5><img loading=\"lazy\" decoding=\"async\" class=\"wp-image-430  alignright\" src=\"https:\/\/iccd.es\/wp-content\/uploads\/2018\/08\/IMAGEN-300x240.bmp\" alt=\"\" width=\"242\" height=\"193\" srcset=\"https:\/\/iccd.es\/wp-content\/uploads\/2018\/08\/IMAGEN-300x240.bmp 300w, https:\/\/iccd.es\/wp-content\/uploads\/2018\/08\/IMAGEN-110x88.bmp 110w, https:\/\/iccd.es\/wp-content\/uploads\/2018\/08\/IMAGEN-420x335.bmp 420w, https:\/\/iccd.es\/wp-content\/uploads\/2018\/08\/IMAGEN-539x430.bmp 539w, https:\/\/iccd.es\/wp-content\/uploads\/2018\/08\/IMAGEN.bmp 600w\" sizes=\"auto, (max-width: 242px) 100vw, 242px\" \/><\/h5>\n<p><strong>Sus funciones permiten la:<\/strong><\/p>\n<ul>\n<li>manipulaci\u00f3n de im\u00e1genes<\/li>\n<li>inversi\u00f3n de negativos fotogr\u00e1ficos, visualizaci\u00f3n de diapositivas<\/li>\n<li>inclusi\u00f3n de textos en las im\u00e1genes digitales<\/li>\n<li>impresi\u00f3n a colores de alta calidad<\/li>\n<\/ul>\n<p><strong>Las comparaciones pueden ser hechas por:<\/strong><\/p>\n<ul>\n<li>yuxtaposici\u00f3n cl\u00e1sica, de dos im\u00e1genes monocrom\u00e1tica y a color<\/li>\n<li>superposici\u00f3n de im\u00e1genes con contraste autom\u00e1tico del fondo de las mismas<\/li>\n<li>comparaci\u00f3n por incrustaci\u00f3n la imagen<\/li>\n<\/ul>\n<p>El sistema ExpertSys\u00ae para aplicaciones criminal\u00edsticas, ofrece precisi\u00f3n, y rapidez en el tratamiento de casos contenciosos.<\/p>\n<hr \/>\n<p><strong>Graf\u00edstica\/ Documentoscopia:<\/strong><\/p>\n<ul>\n<li>Detecci\u00f3n de fraudes mediante la puesta en evidencia de: tachaduras, retoques, lavados, borrados mec\u00e1nicos y qu\u00edmicos<\/li>\n<li>Lectura de textos tachados<\/li>\n<li>Lectura de textos maltratados, antiguos, desaparecidos o sucios&#8230;<\/li>\n<li>La comparaci\u00f3n de: sellos, maquinas de escribir, impresos&#8230;<\/li>\n<li>Ex\u00e1menes de billetes: nacionales, d\u00f3lares USA, etc&#8230;<\/li>\n<li>Medidas y comparaci\u00f3n de respuesta espectral de tintas<\/li>\n<li>Lectura de textos a trav\u00e9s de papeles \u00abfunci\u00f3n de transpersi\u00f3n\u00bb<\/li>\n<li>Lectura a trav\u00e9s de pl\u00e1sticos (funci\u00f3n de transpersi\u00f3n)<\/li>\n<li>Medida de las inclinaciones y distancia de letras<\/li>\n<\/ul>\n<p><strong>Bal\u00edstica Forense:<a href=\"https:\/\/iccd.es\/1ef25499-5caf-4495-ab21-4b3c4c6daeb2\/\"><img loading=\"lazy\" decoding=\"async\" class=\"size-full wp-image-211 alignright\" src=\"https:\/\/iccd.es\/wp-content\/uploads\/2018\/08\/1EF25499-5CAF-4495-AB21-4B3C4C6DAEB2.jpeg\" alt=\"\" width=\"178\" height=\"283\" srcset=\"https:\/\/iccd.es\/wp-content\/uploads\/2018\/08\/1EF25499-5CAF-4495-AB21-4B3C4C6DAEB2.jpeg 178w, https:\/\/iccd.es\/wp-content\/uploads\/2018\/08\/1EF25499-5CAF-4495-AB21-4B3C4C6DAEB2-69x110.jpeg 69w\" sizes=\"auto, (max-width: 178px) 100vw, 178px\" \/><\/a><\/strong><\/p>\n<ul>\n<li>Facilita la observaci\u00f3n de marcas de identificaci\u00f3n borradas o n\u00fameros borrados<\/li>\n<li>Facilita la comparaci\u00f3n y medida de las marcas identificatorias, en armas, balas o casquillos<\/li>\n<li>Visualizaci\u00f3n de residuos de p\u00f3lvora mediante radiaci\u00f3n infrarroja<\/li>\n<li>Acelera la emisi\u00f3n del peritaje<\/li>\n<\/ul>\n<p><strong>Dactiloscopia:<\/strong><\/p>\n<ul>\n<li>Ayuda al revelado y presentaci\u00f3n de las huellas latentes en papeles impresos<\/li>\n<li>Revelado de huellas digitales mediante radiaci\u00f3n infrarroja<\/li>\n<li>Permite la comparaci\u00f3n de huellas dactilares: por superposici\u00f3n y yuxtaposici\u00f3n<\/li>\n<\/ul>\n<p><strong>Biolog\u00eda:<\/strong><\/p>\n<ul>\n<li>Facilita la identificaci\u00f3n por comparaci\u00f3n de fibras naturales y artificiales<\/li>\n<li>Permite el an\u00e1lisis de los pigmentos de fibras artificiales<\/li>\n<li>An\u00e1lisis de manchas por radiaci\u00f3n UV<\/li>\n<\/ul>\n<p><strong>Obra de Arte:<\/strong><\/p>\n<ul>\n<li>Permite la observaci\u00f3n de pigmentos subyacentes mediante la \u00abReflectograf\u00eda\u00bb<\/li>\n<li>Facilita la identificaci\u00f3n crom\u00e1tica de pigmentos<\/li>\n<\/ul>\n<hr \/>\n<h2 class=\"encabezado\">Entorno windows del sistema Expertsys<\/h2>\n<p><strong>FUNCIONES GENERALES:<\/strong><\/p>\n<h5><img loading=\"lazy\" decoding=\"async\" class=\"alignright wp-image-432 size-medium\" src=\"https:\/\/iccd.es\/wp-content\/uploads\/2018\/08\/imagen2-300x282.bmp\" alt=\"\" width=\"300\" height=\"282\" srcset=\"https:\/\/iccd.es\/wp-content\/uploads\/2018\/08\/imagen2-300x282.bmp 300w, https:\/\/iccd.es\/wp-content\/uploads\/2018\/08\/imagen2-110x104.bmp 110w, https:\/\/iccd.es\/wp-content\/uploads\/2018\/08\/imagen2.bmp 307w\" sizes=\"auto, (max-width: 300px) 100vw, 300px\" \/><\/h5>\n<ul>\n<li>Manipulaci\u00f3n de varias c\u00e1maras TV CCD v\u00eddeo, a colores<\/li>\n<li>Adquisici\u00f3n de im\u00e1genes (mono crom\u00e1ticas o a colores) con optimizaci\u00f3n de luz y contrastes en formato \u00abmacro\u00bb hasta \u00abA3\u00bb<\/li>\n<li>Archivo y recuperaci\u00f3n de im\u00e1genes del disco duro (formatos BMP, JPG, JPEG)o de una filmadora<\/li>\n<li>Atribuci\u00f3n de colores artificiales (m\u00faltiples colores)<\/li>\n<li>Inversi\u00f3n de colores digitales<\/li>\n<li>Atribuci\u00f3n de colores artificiales al fondo de las fotos o a una l\u00ednea de escritura<\/li>\n<li>Reproducci\u00f3n de fotos (a colores y blanco\/negro) a partir de negativos fotogr\u00e1ficos<\/li>\n<li>Identificaci\u00f3n autom\u00e1tica de 256 niveles de gris<\/li>\n<li>Inclusi\u00f3n de leyendas (textos) en los \u00e1ngulos de las fotos<\/li>\n<li>Comparaci\u00f3n de dos im\u00e1genes previamente memorizadas<\/li>\n<li>Medidas del contraste y de la intensidad luminosa<\/li>\n<li>Medida autom\u00e1tica de la reflexi\u00f3n luminosa de tintas<\/li>\n<li>Funci\u00f3n de integraci\u00f3n: mejoramiento de las im\u00e1genes poco contrastadas<\/li>\n<li>Funci\u00f3n de \u00abespejo\u00bb y rotaci\u00f3n de im\u00e1genes<\/li>\n<li>Dosificaci\u00f3n de transparencias<\/li>\n<li>Comparaci\u00f3n de im\u00e1genes por yuxtaposici\u00f3n, superposici\u00f3n y de contorno<\/li>\n<li>Combinaci\u00f3n de im\u00e1genes multi-espectrales<\/li>\n<li>Presentaci\u00f3n de datos para establecer curvas espectrales<\/li>\n<\/ul>\n<h2 class=\"encabezado\">Funciones y aplicaciones del sistema ExpertSys<\/h2>\n<p><strong>APLICACIONES:<\/strong><\/p>\n<h5>Aplicaciones exclusivas para el an\u00e1lisis de escrituras y de firmas:<\/h5>\n<ul>\n<li>Identificaci\u00f3n virtual: comparaci\u00f3n por la recomposici\u00f3n de escrituras<\/li>\n<li>Comparaciones de la presi\u00f3n con el m\u00e9todo MEPRI* recomendado por la AEEED<\/li>\n<li>Posibilidad de colorear \u00fanicamente los trazos estudiados<\/li>\n<li>Medida autom\u00e1tica de distancias y de \u00e1ngulos<\/li>\n<li>Funci\u00f3n de \u00abborrado de trazos in\u00fatiles\u00bb<\/li>\n<\/ul>\n<p>(*)Puesta en evidencia de la presi\u00f3n por radiaci\u00f3n infrarroja<\/p>\n<h5>Aplicaciones para el examen de documentos:<\/h5>\n<ul>\n<li>Puesta en evidencia de los fraude por los filtrados IR y UV<\/li>\n<li>Puesta en evidencia de los fraude los por luminescencia en IR<\/li>\n<li>Puesta en evidencia en 3D de los agregados fraudulentos (funci\u00f3n relieve)<\/li>\n<li>Comparaciones de datos cuantitativos para curvas espectrales<\/li>\n<\/ul>\n<h5>Aplicaciones de an\u00e1lisis multiespectrales (UV + IR)<\/h5>\n<ul>\n<li>Funci\u00f3n de luminescencia en IR para an\u00e1lisis de tintas<\/li>\n<li>Medida de la reflexi\u00f3n luminosa de las tintas para realizar curvas espectrales<\/li>\n<\/ul>\n<h5>Funciones de medida<\/h5>\n<ul>\n<li>Medida autom\u00e1tica de distancias hasta cien mil\u00e9simas de mil\u00edmetros<\/li>\n<li>Marcado en la foto del sector medido<\/li>\n<li>Medida autom\u00e1tica de \u00e1ngulos (marcado en la foto del sector medido)<\/li>\n<\/ul>\n<h5>La flexibilidad del programa permite:<\/h5>\n<ul>\n<li>La lectura de registros v\u00eddeo casetes 8 mm o la lectura de ficheros BMP o JPEG<\/li>\n<li>La visualizaci\u00f3n de im\u00e1genes macro y microsc\u00f3picas<\/li>\n<li>Superposici\u00f3n avanzada (contraste autom\u00e1tica del fondo)<\/li>\n<li>Superposici\u00f3n avanzada (atribuci\u00f3n autom\u00e1tica de colores al fondo de la imagen)<\/li>\n<\/ul>\n","protected":false},"excerpt":{"rendered":"<p>Estaci\u00f3n completa de trabajo criminal\u00edstico Multifuncional, del Sistema Video Comparador y para An\u00e1lisis Multiespectrales de Firmas, Escrituras y Documentos \u00abExpertSys\u00ae\u00bb Sistema de video inspecci\u00f3n y multi comparador con macro zoom (B\/N \u2013 Color) con captura y comparaci\u00f3n de im\u00e1genes en tiempo real en Monitor de 14\u2019\u2019 e incorporado a estaci\u00f3n&#8230;<\/p>\n<p class=\"continue-reading-button\"> <a class=\"continue-reading-link\" href=\"https:\/\/iccd.es\/bienvenidos-a-iccd\/expertsys\/\">Continue reading<i class=\"crycon-right-dir\"><\/i><\/a><\/p>\n","protected":false},"author":2,"featured_media":0,"parent":0,"menu_order":0,"comment_status":"closed","ping_status":"closed","template":"","meta":{"jetpack_post_was_ever_published":false,"footnotes":""},"class_list":["post-426","page","type-page","status-publish","hentry"],"jetpack_sharing_enabled":true,"jetpack_shortlink":"https:\/\/wp.me\/PacHYo-6S","_links":{"self":[{"href":"https:\/\/iccd.es\/bienvenidos-a-iccd\/wp-json\/wp\/v2\/pages\/426","targetHints":{"allow":["GET"]}}],"collection":[{"href":"https:\/\/iccd.es\/bienvenidos-a-iccd\/wp-json\/wp\/v2\/pages"}],"about":[{"href":"https:\/\/iccd.es\/bienvenidos-a-iccd\/wp-json\/wp\/v2\/types\/page"}],"author":[{"embeddable":true,"href":"https:\/\/iccd.es\/bienvenidos-a-iccd\/wp-json\/wp\/v2\/users\/2"}],"replies":[{"embeddable":true,"href":"https:\/\/iccd.es\/bienvenidos-a-iccd\/wp-json\/wp\/v2\/comments?post=426"}],"version-history":[{"count":12,"href":"https:\/\/iccd.es\/bienvenidos-a-iccd\/wp-json\/wp\/v2\/pages\/426\/revisions"}],"predecessor-version":[{"id":1225,"href":"https:\/\/iccd.es\/bienvenidos-a-iccd\/wp-json\/wp\/v2\/pages\/426\/revisions\/1225"}],"wp:attachment":[{"href":"https:\/\/iccd.es\/bienvenidos-a-iccd\/wp-json\/wp\/v2\/media?parent=426"}],"curies":[{"name":"wp","href":"https:\/\/api.w.org\/{rel}","templated":true}]}}