{"id":285,"date":"2018-08-25T19:44:24","date_gmt":"2018-08-25T17:44:24","guid":{"rendered":"https:\/\/iccd.es\/?page_id=285"},"modified":"2018-08-28T00:34:21","modified_gmt":"2018-08-27T22:34:21","slug":"documentoscopia","status":"publish","type":"page","link":"https:\/\/iccd.es\/bienvenidos-a-iccd\/documentoscopia\/","title":{"rendered":"DOCUMENTOSCOPIA"},"content":{"rendered":"<h4 style=\"text-align: center;\">En este departamento y con la instrumentacion necesaria nos ocupamos de la ELABORACION DE INFORMES JUDICIALES\u00a0 documentoscopicos, donde analizamos e investigamos cualquier fraude oculto que este en un documento y que afecte a alguna de sus partes, sean visibles o no. \u00a1CONSULTENOS!<\/h4>\n<ul>\n<li><span class=\"cursiva_azul\">Dataci\u00f3n aproximada de un documento<\/span>\u00a0a trav\u00e9s del estadio evolutivo de la firma<\/li>\n<li>An\u00e1lisis de\u00a0<span class=\"cursiva_azul\">escritura o firmas incorporadas<\/span>\u00a0a cualquier documento<\/li>\n<li>An\u00e1lisis\u00a0<span class=\"cursiva_azul\">documental<\/span><\/li>\n<li>Identificaci\u00f3n de\u00a0<span class=\"cursiva_azul\">alteraciones de origen f\u00edsico o qu\u00edmico<\/span>\u00a0en un documento, a\u00f1adidos, enmiendas, tachaduras, correcciones, lavados o borrados qu\u00edmicos, etc&#8230;<\/li>\n<li>An\u00e1lisis y\u00a0<span class=\"cursiva_azul\">discriminaci\u00f3n de tintas<\/span><\/li>\n<li><span class=\"cursiva_azul\">Superposici\u00f3n<\/span>\u00a0de trazos<\/li>\n<li><span class=\"cursiva_azul\">Dataci\u00f3n<\/span>\u00a0de documentos<\/li>\n<li>Identificaci\u00f3n de documentos ejecutados mediante\u00a0<span class=\"cursiva_azul\">m\u00e1quina de escribir, impresoras, o cualquier otro sistema de impresi\u00f3n<\/span><\/li>\n<li>Identificaci\u00f3n de\u00a0<span class=\"cursiva_azul\">sellos de goma<\/span><\/li>\n<li>An\u00e1lisis y detecci\u00f3n de\u00a0<span class=\"cursiva_azul\">fraudes en documentos bancarios<\/span>\u00a0(cheques, etc.), papel moneda, documentos de identidad, etc.<\/li>\n<li>An\u00e1lisis de documentos impresos,\u00a0<span class=\"cursiva_azul\">dactilografiados<\/span>\u00a0o fotocopiados<\/li>\n<li>An\u00e1lisis de escrituras producidas por\u00a0<span class=\"cursiva_azul\">m\u00e1quinas de escribir<\/span>\u00a0mec\u00e1nicas, el\u00e9ctricas o electr\u00f3nicas<\/li>\n<li>An\u00e1lisis de escrituras producidas por\u00a0<span class=\"cursiva_azul\">impresoras<\/span><\/li>\n<li>Identificaci\u00f3n de los diferentes\u00a0<span class=\"cursiva_azul\">tipos de impresoras<\/span><\/li>\n<li>Identificaci\u00f3n de las caracter\u00edsticas de los\u00a0<span class=\"cursiva_azul\">documentos producidos por fotocopiadora<\/span><\/li>\n<li>Identificaci\u00f3n de\u00a0<span class=\"cursiva_azul\">Huellas Dactilares<\/span>\u00a0sobre papeles y documentos<\/li>\n<\/ul>\n\n\t\t<style type=\"text\/css\">\n\t\t\t#gallery-1 {\n\t\t\t\tmargin: auto;\n\t\t\t}\n\t\t\t#gallery-1 .gallery-item {\n\t\t\t\tfloat: left;\n\t\t\t\tmargin-top: 10px;\n\t\t\t\ttext-align: center;\n\t\t\t\twidth: 25%;\n\t\t\t}\n\t\t\t#gallery-1 img {\n\t\t\t\tborder: 2px solid #cfcfcf;\n\t\t\t}\n\t\t\t#gallery-1 .gallery-caption {\n\t\t\t\tmargin-left: 0;\n\t\t\t}\n\t\t\t\/* see gallery_shortcode() in wp-includes\/media.php *\/\n\t\t<\/style>\n\t\t<div id='gallery-1' class='gallery galleryid-285 gallery-columns-4 gallery-size-thumbnail'><dl class='gallery-item'>\n\t\t\t<dt class='gallery-icon portrait'>\n\t\t\t\t<a href='https:\/\/iccd.es\/wp-content\/uploads\/2018\/08\/IMG_8086.jpg'><img loading=\"lazy\" decoding=\"async\" width=\"150\" height=\"150\" src=\"https:\/\/iccd.es\/wp-content\/uploads\/2018\/08\/IMG_8086-150x150.jpg\" class=\"attachment-thumbnail size-thumbnail\" alt=\"\" aria-describedby=\"gallery-1-357\" srcset=\"https:\/\/iccd.es\/wp-content\/uploads\/2018\/08\/IMG_8086-150x150.jpg 150w, https:\/\/iccd.es\/wp-content\/uploads\/2018\/08\/IMG_8086-250x250.jpg 250w, https:\/\/iccd.es\/wp-content\/uploads\/2018\/08\/IMG_8086-125x125.jpg 125w, https:\/\/iccd.es\/wp-content\/uploads\/2018\/08\/IMG_8086-110x110.jpg 110w, https:\/\/iccd.es\/wp-content\/uploads\/2018\/08\/IMG_8086-420x420.jpg 420w\" sizes=\"auto, (max-width: 150px) 100vw, 150px\" \/><\/a>\n\t\t\t<\/dt>\n\t\t\t\t<dd class='wp-caption-text gallery-caption' id='gallery-1-357'>\n\t\t\t\tDelta Time (CDT T.l\u00edquidas-INTERPOL)\n\t\t\t\t<\/dd><\/dl><dl class='gallery-item'>\n\t\t\t<dt class='gallery-icon landscape'>\n\t\t\t\t<a href='https:\/\/iccd.es\/wp-content\/uploads\/2018\/08\/IMG_5038.jpg'><img loading=\"lazy\" decoding=\"async\" width=\"150\" height=\"150\" src=\"https:\/\/iccd.es\/wp-content\/uploads\/2018\/08\/IMG_5038-150x150.jpg\" class=\"attachment-thumbnail size-thumbnail\" alt=\"\" aria-describedby=\"gallery-1-344\" srcset=\"https:\/\/iccd.es\/wp-content\/uploads\/2018\/08\/IMG_5038-150x150.jpg 150w, https:\/\/iccd.es\/wp-content\/uploads\/2018\/08\/IMG_5038-250x250.jpg 250w, https:\/\/iccd.es\/wp-content\/uploads\/2018\/08\/IMG_5038-125x125.jpg 125w, https:\/\/iccd.es\/wp-content\/uploads\/2018\/08\/IMG_5038-110x110.jpg 110w\" sizes=\"auto, (max-width: 150px) 100vw, 150px\" \/><\/a>\n\t\t\t<\/dt>\n\t\t\t\t<dd class='wp-caption-text gallery-caption' id='gallery-1-344'>\n\t\t\t\tTinta sobre toner (CDT indirecto)\n\t\t\t\t<\/dd><\/dl><dl class='gallery-item'>\n\t\t\t<dt class='gallery-icon portrait'>\n\t\t\t\t<a href='https:\/\/iccd.es\/wp-content\/uploads\/2018\/08\/IMG_4962.jpg'><img loading=\"lazy\" decoding=\"async\" width=\"150\" height=\"150\" src=\"https:\/\/iccd.es\/wp-content\/uploads\/2018\/08\/IMG_4962-150x150.jpg\" class=\"attachment-thumbnail size-thumbnail\" alt=\"\" aria-describedby=\"gallery-1-400\" srcset=\"https:\/\/iccd.es\/wp-content\/uploads\/2018\/08\/IMG_4962-150x150.jpg 150w, https:\/\/iccd.es\/wp-content\/uploads\/2018\/08\/IMG_4962-250x250.jpg 250w, https:\/\/iccd.es\/wp-content\/uploads\/2018\/08\/IMG_4962-125x125.jpg 125w, https:\/\/iccd.es\/wp-content\/uploads\/2018\/08\/IMG_4962-110x110.jpg 110w, https:\/\/iccd.es\/wp-content\/uploads\/2018\/08\/IMG_4962-420x420.jpg 420w\" sizes=\"auto, (max-width: 150px) 100vw, 150px\" \/><\/a>\n\t\t\t<\/dt>\n\t\t\t\t<dd class='wp-caption-text gallery-caption' id='gallery-1-400'>\n\t\t\t\tImpresi\u00f3n l\u00e1ser\n\t\t\t\t<\/dd><\/dl><dl class='gallery-item'>\n\t\t\t<dt class='gallery-icon landscape'>\n\t\t\t\t<a href='https:\/\/iccd.es\/wp-content\/uploads\/2018\/08\/IMG_6667.jpg'><img loading=\"lazy\" decoding=\"async\" width=\"150\" height=\"150\" src=\"https:\/\/iccd.es\/wp-content\/uploads\/2018\/08\/IMG_6667-150x150.jpg\" class=\"attachment-thumbnail size-thumbnail\" alt=\"\" aria-describedby=\"gallery-1-402\" srcset=\"https:\/\/iccd.es\/wp-content\/uploads\/2018\/08\/IMG_6667-150x150.jpg 150w, https:\/\/iccd.es\/wp-content\/uploads\/2018\/08\/IMG_6667-250x250.jpg 250w, https:\/\/iccd.es\/wp-content\/uploads\/2018\/08\/IMG_6667-125x125.jpg 125w, https:\/\/iccd.es\/wp-content\/uploads\/2018\/08\/IMG_6667-110x110.jpg 110w, https:\/\/iccd.es\/wp-content\/uploads\/2018\/08\/IMG_6667-420x420.jpg 420w\" sizes=\"auto, (max-width: 150px) 100vw, 150px\" \/><\/a>\n\t\t\t<\/dt>\n\t\t\t\t<dd class='wp-caption-text gallery-caption' id='gallery-1-402'>\n\t\t\t\tIdentificaci\u00f3n de tintas por Colorimetr\u00eda\n\t\t\t\t<\/dd><\/dl><br style=\"clear: both\" \/><dl class='gallery-item'>\n\t\t\t<dt class='gallery-icon landscape'>\n\t\t\t\t<a href='https:\/\/iccd.es\/wp-content\/uploads\/2018\/08\/IMG_8044.jpg'><img loading=\"lazy\" decoding=\"async\" width=\"150\" height=\"150\" src=\"https:\/\/iccd.es\/wp-content\/uploads\/2018\/08\/IMG_8044-150x150.jpg\" class=\"attachment-thumbnail size-thumbnail\" alt=\"\" aria-describedby=\"gallery-1-352\" srcset=\"https:\/\/iccd.es\/wp-content\/uploads\/2018\/08\/IMG_8044-150x150.jpg 150w, https:\/\/iccd.es\/wp-content\/uploads\/2018\/08\/IMG_8044-250x250.jpg 250w, https:\/\/iccd.es\/wp-content\/uploads\/2018\/08\/IMG_8044-125x125.jpg 125w, https:\/\/iccd.es\/wp-content\/uploads\/2018\/08\/IMG_8044-110x110.jpg 110w, https:\/\/iccd.es\/wp-content\/uploads\/2018\/08\/IMG_8044-420x420.jpg 420w\" sizes=\"auto, (max-width: 150px) 100vw, 150px\" \/><\/a>\n\t\t\t<\/dt>\n\t\t\t\t<dd class='wp-caption-text gallery-caption' id='gallery-1-352'>\n\t\t\t\tCDTs resuelto con Luminiscencia\n\t\t\t\t<\/dd><\/dl><dl class='gallery-item'>\n\t\t\t<dt class='gallery-icon landscape'>\n\t\t\t\t<a href='https:\/\/iccd.es\/wp-content\/uploads\/2018\/08\/IMG_8153.jpg'><img loading=\"lazy\" decoding=\"async\" width=\"150\" height=\"150\" src=\"https:\/\/iccd.es\/wp-content\/uploads\/2018\/08\/IMG_8153-150x150.jpg\" class=\"attachment-thumbnail size-thumbnail\" alt=\"\" aria-describedby=\"gallery-1-413\" srcset=\"https:\/\/iccd.es\/wp-content\/uploads\/2018\/08\/IMG_8153-150x150.jpg 150w, https:\/\/iccd.es\/wp-content\/uploads\/2018\/08\/IMG_8153-250x250.jpg 250w, https:\/\/iccd.es\/wp-content\/uploads\/2018\/08\/IMG_8153-125x125.jpg 125w, https:\/\/iccd.es\/wp-content\/uploads\/2018\/08\/IMG_8153-110x110.jpg 110w, https:\/\/iccd.es\/wp-content\/uploads\/2018\/08\/IMG_8153-420x420.jpg 420w\" sizes=\"auto, (max-width: 150px) 100vw, 150px\" \/><\/a>\n\t\t\t<\/dt>\n\t\t\t\t<dd class='wp-caption-text gallery-caption' id='gallery-1-413'>\n\t\t\t\tFibrilla con UV en soporte seguridad\n\t\t\t\t<\/dd><\/dl><dl class='gallery-item'>\n\t\t\t<dt class='gallery-icon landscape'>\n\t\t\t\t<a href='https:\/\/iccd.es\/wp-content\/uploads\/2018\/08\/IMG_6673.jpg'><img loading=\"lazy\" decoding=\"async\" width=\"150\" height=\"150\" src=\"https:\/\/iccd.es\/wp-content\/uploads\/2018\/08\/IMG_6673-150x150.jpg\" class=\"attachment-thumbnail size-thumbnail\" alt=\"\" aria-describedby=\"gallery-1-349\" srcset=\"https:\/\/iccd.es\/wp-content\/uploads\/2018\/08\/IMG_6673-150x150.jpg 150w, https:\/\/iccd.es\/wp-content\/uploads\/2018\/08\/IMG_6673-250x250.jpg 250w, https:\/\/iccd.es\/wp-content\/uploads\/2018\/08\/IMG_6673-125x125.jpg 125w, https:\/\/iccd.es\/wp-content\/uploads\/2018\/08\/IMG_6673-110x110.jpg 110w\" sizes=\"auto, (max-width: 150px) 100vw, 150px\" \/><\/a>\n\t\t\t<\/dt>\n\t\t\t\t<dd class='wp-caption-text gallery-caption' id='gallery-1-349'>\n\t\t\t\tAnalisis de CDTs\n\t\t\t\t<\/dd><\/dl><dl class='gallery-item'>\n\t\t\t<dt class='gallery-icon landscape'>\n\t\t\t\t<a href='https:\/\/iccd.es\/wp-content\/uploads\/2018\/08\/IMG_4936.png'><img loading=\"lazy\" decoding=\"async\" width=\"150\" height=\"150\" src=\"https:\/\/iccd.es\/wp-content\/uploads\/2018\/08\/IMG_4936-150x150.png\" class=\"attachment-thumbnail size-thumbnail\" alt=\"\" aria-describedby=\"gallery-1-299\" srcset=\"https:\/\/iccd.es\/wp-content\/uploads\/2018\/08\/IMG_4936-150x150.png 150w, https:\/\/iccd.es\/wp-content\/uploads\/2018\/08\/IMG_4936-250x250.png 250w, https:\/\/iccd.es\/wp-content\/uploads\/2018\/08\/IMG_4936-125x125.png 125w, https:\/\/iccd.es\/wp-content\/uploads\/2018\/08\/IMG_4936-110x110.png 110w, https:\/\/iccd.es\/wp-content\/uploads\/2018\/08\/IMG_4936-420x420.png 420w\" sizes=\"auto, (max-width: 150px) 100vw, 150px\" \/><\/a>\n\t\t\t<\/dt>\n\t\t\t\t<dd class='wp-caption-text gallery-caption' id='gallery-1-299'>\n\t\t\t\tSistema PIVAG\n\t\t\t\t<\/dd><\/dl><br style=\"clear: both\" \/><dl class='gallery-item'>\n\t\t\t<dt class='gallery-icon landscape'>\n\t\t\t\t<a href='https:\/\/iccd.es\/wp-content\/uploads\/2018\/08\/IMG_7747.jpg'><img loading=\"lazy\" decoding=\"async\" width=\"150\" height=\"150\" src=\"https:\/\/iccd.es\/wp-content\/uploads\/2018\/08\/IMG_7747-150x150.jpg\" class=\"attachment-thumbnail size-thumbnail\" alt=\"\" aria-describedby=\"gallery-1-314\" srcset=\"https:\/\/iccd.es\/wp-content\/uploads\/2018\/08\/IMG_7747-150x150.jpg 150w, https:\/\/iccd.es\/wp-content\/uploads\/2018\/08\/IMG_7747-250x250.jpg 250w, https:\/\/iccd.es\/wp-content\/uploads\/2018\/08\/IMG_7747-125x125.jpg 125w, https:\/\/iccd.es\/wp-content\/uploads\/2018\/08\/IMG_7747-110x110.jpg 110w, https:\/\/iccd.es\/wp-content\/uploads\/2018\/08\/IMG_7747-420x420.jpg 420w\" sizes=\"auto, (max-width: 150px) 100vw, 150px\" \/><\/a>\n\t\t\t<\/dt>\n\t\t\t\t<dd class='wp-caption-text gallery-caption' id='gallery-1-314'>\n\t\t\t\tDataci\u00f3n Documento (prelaci\u00f3n)\n\t\t\t\t<\/dd><\/dl><dl class='gallery-item'>\n\t\t\t<dt class='gallery-icon landscape'>\n\t\t\t\t<a href='https:\/\/iccd.es\/wp-content\/uploads\/2018\/08\/IMG_6260.jpg'><img loading=\"lazy\" decoding=\"async\" width=\"150\" height=\"150\" src=\"https:\/\/iccd.es\/wp-content\/uploads\/2018\/08\/IMG_6260-150x150.jpg\" class=\"attachment-thumbnail size-thumbnail\" alt=\"\" aria-describedby=\"gallery-1-303\" srcset=\"https:\/\/iccd.es\/wp-content\/uploads\/2018\/08\/IMG_6260-150x150.jpg 150w, https:\/\/iccd.es\/wp-content\/uploads\/2018\/08\/IMG_6260-250x250.jpg 250w, https:\/\/iccd.es\/wp-content\/uploads\/2018\/08\/IMG_6260-125x125.jpg 125w, https:\/\/iccd.es\/wp-content\/uploads\/2018\/08\/IMG_6260-110x110.jpg 110w, https:\/\/iccd.es\/wp-content\/uploads\/2018\/08\/IMG_6260-420x420.jpg 420w\" sizes=\"auto, (max-width: 150px) 100vw, 150px\" \/><\/a>\n\t\t\t<\/dt>\n\t\t\t\t<dd class='wp-caption-text gallery-caption' id='gallery-1-303'>\n\t\t\t\tRastro de micropart\u00edculas t\u00f3ner\n\t\t\t\t<\/dd><\/dl><dl class='gallery-item'>\n\t\t\t<dt class='gallery-icon landscape'>\n\t\t\t\t<a href='https:\/\/iccd.es\/wp-content\/uploads\/2018\/08\/IMG_8046.jpg'><img loading=\"lazy\" decoding=\"async\" width=\"150\" height=\"150\" src=\"https:\/\/iccd.es\/wp-content\/uploads\/2018\/08\/IMG_8046-150x150.jpg\" class=\"attachment-thumbnail size-thumbnail\" alt=\"\" aria-describedby=\"gallery-1-354\" srcset=\"https:\/\/iccd.es\/wp-content\/uploads\/2018\/08\/IMG_8046-150x150.jpg 150w, https:\/\/iccd.es\/wp-content\/uploads\/2018\/08\/IMG_8046-250x250.jpg 250w, https:\/\/iccd.es\/wp-content\/uploads\/2018\/08\/IMG_8046-125x125.jpg 125w, https:\/\/iccd.es\/wp-content\/uploads\/2018\/08\/IMG_8046-110x110.jpg 110w, https:\/\/iccd.es\/wp-content\/uploads\/2018\/08\/IMG_8046-420x420.jpg 420w\" sizes=\"auto, (max-width: 150px) 100vw, 150px\" \/><\/a>\n\t\t\t<\/dt>\n\t\t\t\t<dd class='wp-caption-text gallery-caption' id='gallery-1-354'>\n\t\t\t\tCDTs luminiscentes\n\t\t\t\t<\/dd><\/dl><dl class='gallery-item'>\n\t\t\t<dt class='gallery-icon landscape'>\n\t\t\t\t<a href='https:\/\/iccd.es\/wp-content\/uploads\/2018\/08\/luminiscencia-cromatica-03.jpg'><img loading=\"lazy\" decoding=\"async\" width=\"150\" height=\"150\" src=\"https:\/\/iccd.es\/wp-content\/uploads\/2018\/08\/luminiscencia-cromatica-03-150x150.jpg\" class=\"attachment-thumbnail size-thumbnail\" alt=\"\" aria-describedby=\"gallery-1-93\" srcset=\"https:\/\/iccd.es\/wp-content\/uploads\/2018\/08\/luminiscencia-cromatica-03-150x150.jpg 150w, https:\/\/iccd.es\/wp-content\/uploads\/2018\/08\/luminiscencia-cromatica-03-400x400.jpg 400w\" sizes=\"auto, (max-width: 150px) 100vw, 150px\" \/><\/a>\n\t\t\t<\/dt>\n\t\t\t\t<dd class='wp-caption-text gallery-caption' id='gallery-1-93'>\n\t\t\t\tLuminiscencia crom\u00e1tica (discriminaci\u00f3n tintas)\n\t\t\t\t<\/dd><\/dl><br style=\"clear: both\" \/><dl class='gallery-item'>\n\t\t\t<dt class='gallery-icon landscape'>\n\t\t\t\t<a href='https:\/\/iccd.es\/wp-content\/uploads\/2018\/08\/tintas-1.jpg'><img loading=\"lazy\" decoding=\"async\" width=\"150\" height=\"150\" src=\"https:\/\/iccd.es\/wp-content\/uploads\/2018\/08\/tintas-1-150x150.jpg\" class=\"attachment-thumbnail size-thumbnail\" alt=\"\" \/><\/a>\n\t\t\t<\/dt><\/dl><dl class='gallery-item'>\n\t\t\t<dt class='gallery-icon portrait'>\n\t\t\t\t<a href='https:\/\/iccd.es\/wp-content\/uploads\/2018\/08\/IMG_8151.jpg'><img loading=\"lazy\" decoding=\"async\" width=\"150\" height=\"150\" src=\"https:\/\/iccd.es\/wp-content\/uploads\/2018\/08\/IMG_8151-150x150.jpg\" class=\"attachment-thumbnail size-thumbnail\" alt=\"\" aria-describedby=\"gallery-1-411\" srcset=\"https:\/\/iccd.es\/wp-content\/uploads\/2018\/08\/IMG_8151-150x150.jpg 150w, https:\/\/iccd.es\/wp-content\/uploads\/2018\/08\/IMG_8151-250x250.jpg 250w, https:\/\/iccd.es\/wp-content\/uploads\/2018\/08\/IMG_8151-125x125.jpg 125w, https:\/\/iccd.es\/wp-content\/uploads\/2018\/08\/IMG_8151-110x110.jpg 110w, https:\/\/iccd.es\/wp-content\/uploads\/2018\/08\/IMG_8151-420x420.jpg 420w\" sizes=\"auto, (max-width: 150px) 100vw, 150px\" \/><\/a>\n\t\t\t<\/dt>\n\t\t\t\t<dd class='wp-caption-text gallery-caption' id='gallery-1-411'>\n\t\t\t\tImpresi\u00f3n l\u00e1ser \n\t\t\t\t<\/dd><\/dl><dl class='gallery-item'>\n\t\t\t<dt class='gallery-icon landscape'>\n\t\t\t\t<a href='https:\/\/iccd.es\/wp-content\/uploads\/2018\/08\/IMG_5037.jpg'><img loading=\"lazy\" decoding=\"async\" width=\"150\" height=\"150\" src=\"https:\/\/iccd.es\/wp-content\/uploads\/2018\/08\/IMG_5037-150x150.jpg\" class=\"attachment-thumbnail size-thumbnail\" alt=\"\" aria-describedby=\"gallery-1-343\" srcset=\"https:\/\/iccd.es\/wp-content\/uploads\/2018\/08\/IMG_5037-150x150.jpg 150w, https:\/\/iccd.es\/wp-content\/uploads\/2018\/08\/IMG_5037-125x125.jpg 125w, https:\/\/iccd.es\/wp-content\/uploads\/2018\/08\/IMG_5037-110x110.jpg 110w\" sizes=\"auto, (max-width: 150px) 100vw, 150px\" \/><\/a>\n\t\t\t<\/dt>\n\t\t\t\t<dd class='wp-caption-text gallery-caption' id='gallery-1-343'>\n\t\t\t\tT\u00f3ner sobre tinta (CDT indirecto)\n\t\t\t\t<\/dd><\/dl><dl class='gallery-item'>\n\t\t\t<dt class='gallery-icon landscape'>\n\t\t\t\t<a href='https:\/\/iccd.es\/wp-content\/uploads\/2018\/08\/microfotografia.jpg'><img loading=\"lazy\" decoding=\"async\" width=\"150\" height=\"150\" src=\"https:\/\/iccd.es\/wp-content\/uploads\/2018\/08\/microfotografia-150x150.jpg\" class=\"attachment-thumbnail size-thumbnail\" alt=\"\" aria-describedby=\"gallery-1-90\" \/><\/a>\n\t\t\t<\/dt>\n\t\t\t\t<dd class='wp-caption-text gallery-caption' id='gallery-1-90'>\n\t\t\t\tMicrofotograf\u00eda Impacto (impresora)\n\t\t\t\t<\/dd><\/dl><br style=\"clear: both\" \/>\n\t\t<\/div>\n\n<p>&nbsp;<\/p>\n<h4 style=\"text-align: center;\"><a href=\"https:\/\/iccd.es\/cdts\/\" target=\"_blank\" rel=\"noopener\">ACCEDE a videos e imagenes de fraudes por cruzamiento de trazos y otros metodos<\/a><\/h4>\n","protected":false},"excerpt":{"rendered":"<p>En este departamento y con la instrumentacion necesaria nos ocupamos de la ELABORACION DE INFORMES JUDICIALES\u00a0 documentoscopicos, donde analizamos e investigamos cualquier fraude oculto que este en un documento y que afecte a alguna de sus partes, sean visibles o no. \u00a1CONSULTENOS! Dataci\u00f3n aproximada de un documento\u00a0a trav\u00e9s del estadio&#8230;<\/p>\n<p class=\"continue-reading-button\"> <a class=\"continue-reading-link\" href=\"https:\/\/iccd.es\/bienvenidos-a-iccd\/documentoscopia\/\">Continue reading<i class=\"crycon-right-dir\"><\/i><\/a><\/p>\n","protected":false},"author":2,"featured_media":0,"parent":0,"menu_order":0,"comment_status":"closed","ping_status":"closed","template":"","meta":{"jetpack_post_was_ever_published":false,"footnotes":""},"class_list":["post-285","page","type-page","status-publish","hentry"],"jetpack_sharing_enabled":true,"jetpack_shortlink":"https:\/\/wp.me\/PacHYo-4B","_links":{"self":[{"href":"https:\/\/iccd.es\/bienvenidos-a-iccd\/wp-json\/wp\/v2\/pages\/285","targetHints":{"allow":["GET"]}}],"collection":[{"href":"https:\/\/iccd.es\/bienvenidos-a-iccd\/wp-json\/wp\/v2\/pages"}],"about":[{"href":"https:\/\/iccd.es\/bienvenidos-a-iccd\/wp-json\/wp\/v2\/types\/page"}],"author":[{"embeddable":true,"href":"https:\/\/iccd.es\/bienvenidos-a-iccd\/wp-json\/wp\/v2\/users\/2"}],"replies":[{"embeddable":true,"href":"https:\/\/iccd.es\/bienvenidos-a-iccd\/wp-json\/wp\/v2\/comments?post=285"}],"version-history":[{"count":10,"href":"https:\/\/iccd.es\/bienvenidos-a-iccd\/wp-json\/wp\/v2\/pages\/285\/revisions"}],"predecessor-version":[{"id":919,"href":"https:\/\/iccd.es\/bienvenidos-a-iccd\/wp-json\/wp\/v2\/pages\/285\/revisions\/919"}],"wp:attachment":[{"href":"https:\/\/iccd.es\/bienvenidos-a-iccd\/wp-json\/wp\/v2\/media?parent=285"}],"curies":[{"name":"wp","href":"https:\/\/api.w.org\/{rel}","templated":true}]}}