{"id":284,"date":"2018-08-25T19:44:24","date_gmt":"2018-08-25T17:44:24","guid":{"rendered":"https:\/\/iccd.es\/?page_id=284"},"modified":"2018-08-31T14:11:41","modified_gmt":"2018-08-31T12:11:41","slug":"grafistica-2","status":"publish","type":"page","link":"https:\/\/iccd.es\/bienvenidos-a-iccd\/grafistica-2\/","title":{"rendered":"GRAF\u00cdSTICA"},"content":{"rendered":"<h4 style=\"text-align: center;\">En este departamento y con la instrumentacion necesaria nos ocupamos de la ELABORACION DE INFORMES JUDICIALES referentes al estudio de firmas y escrituras manuscritas, incluyendo el ambito de la Grafopatologia Forense.<\/h4>\n<ul>\n<li>An\u00e1lisis e identificaci\u00f3n de:\n<ul>\n<li><span class=\"cursiva_azul\">firmas<\/span>\u00a0(contratos, cheques, letras de cambio, reconocimientos de deuda, p\u00f3lizas, escrituras, albaranes, recetas, etc.)<\/li>\n<li><span class=\"cursiva_azul\">an\u00f3nimos<\/span><\/li>\n<li><span class=\"cursiva_azul\">pintadas en superficies<\/span>\u00a0no habituales (muros, paredes, etc.)<\/li>\n<li><span class=\"cursiva_azul\">escrituras<\/span>\u00a0(cartas, escritos, documentos civiles, mercantiles, familiares, etc.)<\/li>\n<li><span class=\"cursiva_azul\">escrituras deterioradas<\/span>\u00a0(testamentos ol\u00f3grafos, escritura de personas enfermas)<\/li>\n<\/ul>\n<\/li>\n<li><span class=\"cursiva_azul\">Identificaci\u00f3n del autor<\/span>\u00a0a trav\u00e9s de la presentaci\u00f3n y redacci\u00f3n de un documento<\/li>\n<li>Identificaci\u00f3n del\u00a0<span class=\"cursiva_azul\">autor de una firma falsificada<\/span><\/li>\n<\/ul>\n<h3>GRAFOPATOLOGIA FORENSE<\/h3>\n<div id=\"attachment_661\" style=\"width: 267px\" class=\"wp-caption alignright\"><img loading=\"lazy\" decoding=\"async\" aria-describedby=\"caption-attachment-661\" class=\"wp-image-661 \" src=\"https:\/\/iccd.es\/wp-content\/uploads\/2018\/08\/Screenshot_1-300x104.jpg\" alt=\"\" width=\"257\" height=\"89\" srcset=\"https:\/\/iccd.es\/wp-content\/uploads\/2018\/08\/Screenshot_1-300x104.jpg 300w, https:\/\/iccd.es\/wp-content\/uploads\/2018\/08\/Screenshot_1-110x38.jpg 110w, https:\/\/iccd.es\/wp-content\/uploads\/2018\/08\/Screenshot_1.jpg 339w\" sizes=\"auto, (max-width: 257px) 100vw, 257px\" \/><p id=\"caption-attachment-661\" class=\"wp-caption-text\">Persona con Alzheimer<\/p><\/div>\n<ol>\n<li><em>Deterioro cognitivo por demencia senil o principio de Alzheimr<\/em><\/li>\n<li><em>Personalidad del escribiente<\/em><\/li>\n<li><em>An\u00e1lisis del estado de Agresividad<\/em><\/li>\n<li><em>An\u00e1lisis del estado de Anormalidad psicol\u00f3gica y alteraciones graves<\/em><\/li>\n<li><em>An\u00e1lisis de los progenitores para la determinaci\u00f3n de Guardias y Custodias<\/em><\/li>\n<\/ol>\n<p>&nbsp;<\/p>\n<h4 style=\"text-align: center;\"><span style=\"color: #ff9900;\"><a style=\"color: #ff9900;\" href=\"https:\/\/iccd.es\/presion\/\" target=\"_blank\" rel=\"noopener\"><strong>VER ANALISIS DE LAS CARGAS DE PRESION<\/strong><\/a><\/span><\/h4>\n<p>&nbsp;<\/p>\n\n\t\t<style type=\"text\/css\">\n\t\t\t#gallery-1 {\n\t\t\t\tmargin: auto;\n\t\t\t}\n\t\t\t#gallery-1 .gallery-item {\n\t\t\t\tfloat: left;\n\t\t\t\tmargin-top: 10px;\n\t\t\t\ttext-align: center;\n\t\t\t\twidth: 33%;\n\t\t\t}\n\t\t\t#gallery-1 img {\n\t\t\t\tborder: 2px solid #cfcfcf;\n\t\t\t}\n\t\t\t#gallery-1 .gallery-caption {\n\t\t\t\tmargin-left: 0;\n\t\t\t}\n\t\t\t\/* see gallery_shortcode() in wp-includes\/media.php *\/\n\t\t<\/style>\n\t\t<div id='gallery-1' class='gallery galleryid-284 gallery-columns-3 gallery-size-thumbnail'><dl class='gallery-item'>\n\t\t\t<dt class='gallery-icon landscape'>\n\t\t\t\t<a href='https:\/\/iccd.es\/bienvenidos-a-iccd\/instrumental-tecnico\/img_8150\/'><img loading=\"lazy\" decoding=\"async\" width=\"150\" height=\"150\" src=\"https:\/\/iccd.es\/wp-content\/uploads\/2018\/08\/IMG_8150-e1535223758410-150x150.jpg\" class=\"attachment-thumbnail size-thumbnail\" alt=\"\" aria-describedby=\"gallery-1-410\" srcset=\"https:\/\/iccd.es\/wp-content\/uploads\/2018\/08\/IMG_8150-e1535223758410-150x150.jpg 150w, https:\/\/iccd.es\/wp-content\/uploads\/2018\/08\/IMG_8150-e1535223758410-250x250.jpg 250w, https:\/\/iccd.es\/wp-content\/uploads\/2018\/08\/IMG_8150-e1535223758410-125x125.jpg 125w, https:\/\/iccd.es\/wp-content\/uploads\/2018\/08\/IMG_8150-e1535223758410-110x110.jpg 110w, https:\/\/iccd.es\/wp-content\/uploads\/2018\/08\/IMG_8150-e1535223758410-420x420.jpg 420w\" sizes=\"auto, (max-width: 150px) 100vw, 150px\" \/><\/a>\n\t\t\t<\/dt>\n\t\t\t\t<dd class='wp-caption-text gallery-caption' id='gallery-1-410'>\n\t\t\t\tL\u00e1ser repasado\n\t\t\t\t<\/dd><\/dl><dl class='gallery-item'>\n\t\t\t<dt class='gallery-icon landscape'>\n\t\t\t\t<a href='https:\/\/iccd.es\/bienvenidos-a-iccd\/cpo_portfolio\/fotografias-casos\/limpiado-de-textos\/'><img loading=\"lazy\" decoding=\"async\" width=\"150\" height=\"150\" src=\"https:\/\/iccd.es\/wp-content\/uploads\/2018\/08\/limpiado-de-textos-150x150.gif\" class=\"attachment-thumbnail size-thumbnail\" alt=\"\" aria-describedby=\"gallery-1-96\" \/><\/a>\n\t\t\t<\/dt>\n\t\t\t\t<dd class='wp-caption-text gallery-caption' id='gallery-1-96'>\n\t\t\t\tLimpiado de textos\n\t\t\t\t<\/dd><\/dl><dl class='gallery-item'>\n\t\t\t<dt class='gallery-icon landscape'>\n\t\t\t\t<a href='https:\/\/iccd.es\/bienvenidos-a-iccd\/cpo_portfolio\/fotografias-casos\/lectura-de-textos\/'><img loading=\"lazy\" decoding=\"async\" width=\"150\" height=\"150\" src=\"https:\/\/iccd.es\/wp-content\/uploads\/2018\/08\/lectura-de-textos-150x150.gif\" class=\"attachment-thumbnail size-thumbnail\" alt=\"\" aria-describedby=\"gallery-1-97\" \/><\/a>\n\t\t\t<\/dt>\n\t\t\t\t<dd class='wp-caption-text gallery-caption' id='gallery-1-97'>\n\t\t\t\tLectura de textos borrados\n\t\t\t\t<\/dd><\/dl><br style=\"clear: both\" \/><dl class='gallery-item'>\n\t\t\t<dt class='gallery-icon landscape'>\n\t\t\t\t<a href='https:\/\/iccd.es\/bienvenidos-a-iccd\/instrumental-tecnico\/borrado-por-friccion\/'><img loading=\"lazy\" decoding=\"async\" width=\"150\" height=\"150\" src=\"https:\/\/iccd.es\/wp-content\/uploads\/2018\/08\/borrado-por-friccion-150x150.jpg\" class=\"attachment-thumbnail size-thumbnail\" alt=\"\" aria-describedby=\"gallery-1-398\" srcset=\"https:\/\/iccd.es\/wp-content\/uploads\/2018\/08\/borrado-por-friccion-150x150.jpg 150w, https:\/\/iccd.es\/wp-content\/uploads\/2018\/08\/borrado-por-friccion-250x250.jpg 250w, https:\/\/iccd.es\/wp-content\/uploads\/2018\/08\/borrado-por-friccion-125x125.jpg 125w, https:\/\/iccd.es\/wp-content\/uploads\/2018\/08\/borrado-por-friccion-110x110.jpg 110w, https:\/\/iccd.es\/wp-content\/uploads\/2018\/08\/borrado-por-friccion-420x420.jpg 420w\" sizes=\"auto, (max-width: 150px) 100vw, 150px\" \/><\/a>\n\t\t\t<\/dt>\n\t\t\t\t<dd class='wp-caption-text gallery-caption' id='gallery-1-398'>\n\t\t\t\tBorrado por fricci\u00f3n\n\t\t\t\t<\/dd><\/dl><dl class='gallery-item'>\n\t\t\t<dt class='gallery-icon portrait'>\n\t\t\t\t<a href='https:\/\/iccd.es\/bienvenidos-a-iccd\/instrumental-tecnico\/enlight1\/'><img loading=\"lazy\" decoding=\"async\" width=\"150\" height=\"150\" src=\"https:\/\/iccd.es\/wp-content\/uploads\/2018\/08\/Enlight1-150x150.jpg\" class=\"attachment-thumbnail size-thumbnail\" alt=\"\" aria-describedby=\"gallery-1-399\" srcset=\"https:\/\/iccd.es\/wp-content\/uploads\/2018\/08\/Enlight1-150x150.jpg 150w, https:\/\/iccd.es\/wp-content\/uploads\/2018\/08\/Enlight1-250x250.jpg 250w, https:\/\/iccd.es\/wp-content\/uploads\/2018\/08\/Enlight1-125x125.jpg 125w, https:\/\/iccd.es\/wp-content\/uploads\/2018\/08\/Enlight1-110x110.jpg 110w, https:\/\/iccd.es\/wp-content\/uploads\/2018\/08\/Enlight1-420x420.jpg 420w\" sizes=\"auto, (max-width: 150px) 100vw, 150px\" \/><\/a>\n\t\t\t<\/dt>\n\t\t\t\t<dd class='wp-caption-text gallery-caption' id='gallery-1-399'>\n\t\t\t\tTinta l\u00edquida borrable\n\t\t\t\t<\/dd><\/dl><dl class='gallery-item'>\n\t\t\t<dt class='gallery-icon portrait'>\n\t\t\t\t<a href='https:\/\/iccd.es\/bienvenidos-a-iccd\/instrumental-tecnico\/img_8147\/'><img loading=\"lazy\" decoding=\"async\" width=\"150\" height=\"150\" src=\"https:\/\/iccd.es\/wp-content\/uploads\/2018\/08\/IMG_8147-150x150.jpg\" class=\"attachment-thumbnail size-thumbnail\" alt=\"\" aria-describedby=\"gallery-1-408\" srcset=\"https:\/\/iccd.es\/wp-content\/uploads\/2018\/08\/IMG_8147-150x150.jpg 150w, https:\/\/iccd.es\/wp-content\/uploads\/2018\/08\/IMG_8147-250x250.jpg 250w, https:\/\/iccd.es\/wp-content\/uploads\/2018\/08\/IMG_8147-125x125.jpg 125w, https:\/\/iccd.es\/wp-content\/uploads\/2018\/08\/IMG_8147-110x110.jpg 110w, https:\/\/iccd.es\/wp-content\/uploads\/2018\/08\/IMG_8147-420x420.jpg 420w\" sizes=\"auto, (max-width: 150px) 100vw, 150px\" \/><\/a>\n\t\t\t<\/dt>\n\t\t\t\t<dd class='wp-caption-text gallery-caption' id='gallery-1-408'>\n\t\t\t\tMicro part\u00edculas t\u00f3ner\n\t\t\t\t<\/dd><\/dl><br style=\"clear: both\" \/><dl class='gallery-item'>\n\t\t\t<dt class='gallery-icon portrait'>\n\t\t\t\t<a href='https:\/\/iccd.es\/bienvenidos-a-iccd\/instrumental-tecnico\/img_8143\/'><img loading=\"lazy\" decoding=\"async\" width=\"150\" height=\"150\" src=\"https:\/\/iccd.es\/wp-content\/uploads\/2018\/08\/IMG_8143-150x150.jpg\" class=\"attachment-thumbnail size-thumbnail\" alt=\"\" aria-describedby=\"gallery-1-405\" srcset=\"https:\/\/iccd.es\/wp-content\/uploads\/2018\/08\/IMG_8143-150x150.jpg 150w, https:\/\/iccd.es\/wp-content\/uploads\/2018\/08\/IMG_8143-250x250.jpg 250w, https:\/\/iccd.es\/wp-content\/uploads\/2018\/08\/IMG_8143-125x125.jpg 125w, https:\/\/iccd.es\/wp-content\/uploads\/2018\/08\/IMG_8143-110x110.jpg 110w, https:\/\/iccd.es\/wp-content\/uploads\/2018\/08\/IMG_8143-420x420.jpg 420w\" sizes=\"auto, (max-width: 150px) 100vw, 150px\" \/><\/a>\n\t\t\t<\/dt>\n\t\t\t\t<dd class='wp-caption-text gallery-caption' id='gallery-1-405'>\n\t\t\t\tImpresi\u00f3n l\u00e1ser repasada\n\t\t\t\t<\/dd><\/dl><dl class='gallery-item'>\n\t\t\t<dt class='gallery-icon landscape'>\n\t\t\t\t<a href='https:\/\/iccd.es\/bienvenidos-a-iccd\/grafistica-2\/screenshot_1\/'><img loading=\"lazy\" decoding=\"async\" width=\"150\" height=\"117\" src=\"https:\/\/iccd.es\/wp-content\/uploads\/2018\/08\/Screenshot_1-150x117.jpg\" class=\"attachment-thumbnail size-thumbnail\" alt=\"\" aria-describedby=\"gallery-1-661\" \/><\/a>\n\t\t\t<\/dt>\n\t\t\t\t<dd class='wp-caption-text gallery-caption' id='gallery-1-661'>\n\t\t\t\tFirma enfermo Alzheimer\n\t\t\t\t<\/dd><\/dl><dl class='gallery-item'>\n\t\t\t<dt class='gallery-icon landscape'>\n\t\t\t\t<a href='https:\/\/iccd.es\/bienvenidos-a-iccd\/cpo_portfolio\/fotografias-casos\/identificacion-virtual\/'><img loading=\"lazy\" decoding=\"async\" width=\"150\" height=\"150\" src=\"https:\/\/iccd.es\/wp-content\/uploads\/2018\/08\/identificacion-virtual-150x150.gif\" class=\"attachment-thumbnail size-thumbnail\" alt=\"\" aria-describedby=\"gallery-1-98\" \/><\/a>\n\t\t\t<\/dt>\n\t\t\t\t<dd class='wp-caption-text gallery-caption' id='gallery-1-98'>\n\t\t\t\tIdentificaci\u00f3n virtual\n\t\t\t\t<\/dd><\/dl><br style=\"clear: both\" \/><dl class='gallery-item'>\n\t\t\t<dt class='gallery-icon landscape'>\n\t\t\t\t<a href='https:\/\/iccd.es\/bienvenidos-a-iccd\/instrumental-tecnico\/tinta-liquida-termosensible\/'><img loading=\"lazy\" decoding=\"async\" width=\"150\" height=\"150\" src=\"https:\/\/iccd.es\/wp-content\/uploads\/2018\/08\/tinta-liquida-termosensible-150x150.jpg\" class=\"attachment-thumbnail size-thumbnail\" alt=\"\" aria-describedby=\"gallery-1-415\" srcset=\"https:\/\/iccd.es\/wp-content\/uploads\/2018\/08\/tinta-liquida-termosensible-150x150.jpg 150w, https:\/\/iccd.es\/wp-content\/uploads\/2018\/08\/tinta-liquida-termosensible-250x250.jpg 250w, https:\/\/iccd.es\/wp-content\/uploads\/2018\/08\/tinta-liquida-termosensible-125x125.jpg 125w, https:\/\/iccd.es\/wp-content\/uploads\/2018\/08\/tinta-liquida-termosensible-110x110.jpg 110w, https:\/\/iccd.es\/wp-content\/uploads\/2018\/08\/tinta-liquida-termosensible-420x420.jpg 420w\" sizes=\"auto, (max-width: 150px) 100vw, 150px\" \/><\/a>\n\t\t\t<\/dt>\n\t\t\t\t<dd class='wp-caption-text gallery-caption' id='gallery-1-415'>\n\t\t\t\tTinta l\u00edquida termosensible\n\t\t\t\t<\/dd><\/dl><dl class='gallery-item'>\n\t\t\t<dt class='gallery-icon landscape'>\n\t\t\t\t<a href='https:\/\/iccd.es\/bienvenidos-a-iccd\/instrumental-tecnico\/trazo-det2\/'><img loading=\"lazy\" decoding=\"async\" width=\"150\" height=\"150\" src=\"https:\/\/iccd.es\/wp-content\/uploads\/2018\/08\/trazo-det2-150x150.jpg\" class=\"attachment-thumbnail size-thumbnail\" alt=\"\" aria-describedby=\"gallery-1-417\" srcset=\"https:\/\/iccd.es\/wp-content\/uploads\/2018\/08\/trazo-det2-150x150.jpg 150w, https:\/\/iccd.es\/wp-content\/uploads\/2018\/08\/trazo-det2-250x250.jpg 250w, https:\/\/iccd.es\/wp-content\/uploads\/2018\/08\/trazo-det2-125x125.jpg 125w, https:\/\/iccd.es\/wp-content\/uploads\/2018\/08\/trazo-det2-110x110.jpg 110w, https:\/\/iccd.es\/wp-content\/uploads\/2018\/08\/trazo-det2-420x420.jpg 420w\" sizes=\"auto, (max-width: 150px) 100vw, 150px\" \/><\/a>\n\t\t\t<\/dt>\n\t\t\t\t<dd class='wp-caption-text gallery-caption' id='gallery-1-417'>\n\t\t\t\tTrazo detalle tinta\n\t\t\t\t<\/dd><\/dl><dl class='gallery-item'>\n\t\t\t<dt class='gallery-icon landscape'>\n\t\t\t\t<a href='https:\/\/iccd.es\/bienvenidos-a-iccd\/instrumental-tecnico\/img_5238\/'><img loading=\"lazy\" decoding=\"async\" width=\"150\" height=\"150\" src=\"https:\/\/iccd.es\/wp-content\/uploads\/2018\/08\/IMG_5238-150x150.jpg\" class=\"attachment-thumbnail size-thumbnail\" alt=\"\" aria-describedby=\"gallery-1-401\" srcset=\"https:\/\/iccd.es\/wp-content\/uploads\/2018\/08\/IMG_5238-150x150.jpg 150w, https:\/\/iccd.es\/wp-content\/uploads\/2018\/08\/IMG_5238-250x250.jpg 250w, https:\/\/iccd.es\/wp-content\/uploads\/2018\/08\/IMG_5238-125x125.jpg 125w, https:\/\/iccd.es\/wp-content\/uploads\/2018\/08\/IMG_5238-110x110.jpg 110w, https:\/\/iccd.es\/wp-content\/uploads\/2018\/08\/IMG_5238-420x420.jpg 420w\" sizes=\"auto, (max-width: 150px) 100vw, 150px\" \/><\/a>\n\t\t\t<\/dt>\n\t\t\t\t<dd class='wp-caption-text gallery-caption' id='gallery-1-401'>\n\t\t\t\tDefecto entintamiento\n\t\t\t\t<\/dd><\/dl><br style=\"clear: both\" \/><dl class='gallery-item'>\n\t\t\t<dt class='gallery-icon landscape'>\n\t\t\t\t<a href='https:\/\/iccd.es\/bienvenidos-a-iccd\/cpo_portfolio\/fotografias-casos\/micromediciones\/'><img loading=\"lazy\" decoding=\"async\" width=\"150\" height=\"150\" src=\"https:\/\/iccd.es\/wp-content\/uploads\/2018\/08\/micromediciones-150x150.gif\" class=\"attachment-thumbnail size-thumbnail\" alt=\"\" aria-describedby=\"gallery-1-89\" \/><\/a>\n\t\t\t<\/dt>\n\t\t\t\t<dd class='wp-caption-text gallery-caption' id='gallery-1-89'>\n\t\t\t\tMicromediciones\n\t\t\t\t<\/dd><\/dl><dl class='gallery-item'>\n\t\t\t<dt class='gallery-icon landscape'>\n\t\t\t\t<a href='https:\/\/iccd.es\/bienvenidos-a-iccd\/cpo_portfolio\/fotografias-casos\/superposicion\/'><img loading=\"lazy\" decoding=\"async\" width=\"150\" height=\"150\" src=\"https:\/\/iccd.es\/wp-content\/uploads\/2018\/08\/superposicion-150x150.gif\" class=\"attachment-thumbnail size-thumbnail\" alt=\"\" aria-describedby=\"gallery-1-87\" \/><\/a>\n\t\t\t<\/dt>\n\t\t\t\t<dd class='wp-caption-text gallery-caption' id='gallery-1-87'>\n\t\t\t\tSuperposici\u00f3n informatizada\n\t\t\t\t<\/dd><\/dl><dl class='gallery-item'>\n\t\t\t<dt class='gallery-icon landscape'>\n\t\t\t\t<a href='https:\/\/iccd.es\/bienvenidos-a-iccd\/instrumental-tecnico\/img_6671\/'><img loading=\"lazy\" decoding=\"async\" width=\"150\" height=\"150\" src=\"https:\/\/iccd.es\/wp-content\/uploads\/2018\/08\/IMG_6671-150x150.jpg\" class=\"attachment-thumbnail size-thumbnail\" alt=\"\" aria-describedby=\"gallery-1-404\" srcset=\"https:\/\/iccd.es\/wp-content\/uploads\/2018\/08\/IMG_6671-150x150.jpg 150w, https:\/\/iccd.es\/wp-content\/uploads\/2018\/08\/IMG_6671-250x250.jpg 250w, https:\/\/iccd.es\/wp-content\/uploads\/2018\/08\/IMG_6671-125x125.jpg 125w, https:\/\/iccd.es\/wp-content\/uploads\/2018\/08\/IMG_6671-110x110.jpg 110w, https:\/\/iccd.es\/wp-content\/uploads\/2018\/08\/IMG_6671-420x420.jpg 420w\" sizes=\"auto, (max-width: 150px) 100vw, 150px\" \/><\/a>\n\t\t\t<\/dt>\n\t\t\t\t<dd class='wp-caption-text gallery-caption' id='gallery-1-404'>\n\t\t\t\tVisi\u00f3n estereosc\u00f3pica trazo tinta\n\t\t\t\t<\/dd><\/dl><br style=\"clear: both\" \/>\n\t\t<\/div>\n\n","protected":false},"excerpt":{"rendered":"<p>En este departamento y con la instrumentacion necesaria nos ocupamos de la ELABORACION DE INFORMES JUDICIALES referentes al estudio de firmas y escrituras manuscritas, incluyendo el ambito de la Grafopatologia Forense. An\u00e1lisis e identificaci\u00f3n de: firmas\u00a0(contratos, cheques, letras de cambio, reconocimientos de deuda, p\u00f3lizas, escrituras, albaranes, recetas, etc.) an\u00f3nimos pintadas&#8230;<\/p>\n<p class=\"continue-reading-button\"> <a class=\"continue-reading-link\" href=\"https:\/\/iccd.es\/bienvenidos-a-iccd\/grafistica-2\/\">Continue reading<i class=\"crycon-right-dir\"><\/i><\/a><\/p>\n","protected":false},"author":2,"featured_media":0,"parent":0,"menu_order":0,"comment_status":"closed","ping_status":"closed","template":"","meta":{"jetpack_post_was_ever_published":false,"footnotes":""},"class_list":["post-284","page","type-page","status-publish","hentry"],"jetpack_sharing_enabled":true,"jetpack_shortlink":"https:\/\/wp.me\/PacHYo-4A","_links":{"self":[{"href":"https:\/\/iccd.es\/bienvenidos-a-iccd\/wp-json\/wp\/v2\/pages\/284","targetHints":{"allow":["GET"]}}],"collection":[{"href":"https:\/\/iccd.es\/bienvenidos-a-iccd\/wp-json\/wp\/v2\/pages"}],"about":[{"href":"https:\/\/iccd.es\/bienvenidos-a-iccd\/wp-json\/wp\/v2\/types\/page"}],"author":[{"embeddable":true,"href":"https:\/\/iccd.es\/bienvenidos-a-iccd\/wp-json\/wp\/v2\/users\/2"}],"replies":[{"embeddable":true,"href":"https:\/\/iccd.es\/bienvenidos-a-iccd\/wp-json\/wp\/v2\/comments?post=284"}],"version-history":[{"count":18,"href":"https:\/\/iccd.es\/bienvenidos-a-iccd\/wp-json\/wp\/v2\/pages\/284\/revisions"}],"predecessor-version":[{"id":996,"href":"https:\/\/iccd.es\/bienvenidos-a-iccd\/wp-json\/wp\/v2\/pages\/284\/revisions\/996"}],"wp:attachment":[{"href":"https:\/\/iccd.es\/bienvenidos-a-iccd\/wp-json\/wp\/v2\/media?parent=284"}],"curies":[{"name":"wp","href":"https:\/\/api.w.org\/{rel}","templated":true}]}}