{"id":236,"date":"2018-08-25T14:25:47","date_gmt":"2018-08-25T12:25:47","guid":{"rendered":"https:\/\/iccd.es\/?page_id=236"},"modified":"2018-08-27T20:00:37","modified_gmt":"2018-08-27T18:00:37","slug":"instrumental-tecnico","status":"publish","type":"page","link":"https:\/\/iccd.es\/bienvenidos-a-iccd\/instrumental-tecnico\/","title":{"rendered":"Instrumental T\u00e9cnico"},"content":{"rendered":"<h3>MATERIAL E INSTRUMENTAL OPTICO:<\/h3>\n<ul>\n<li><strong>Microscopio \u00d3ptico Metalogr\u00e1fico Triocular\u00a0de luz polarizada<\/strong> para an\u00e1lisis de fibras y papeles, observaci\u00f3n de muestras metalogr\u00f3ficas para el an\u00e1lisis de detalles en superficies con alta reflectancia. Distintos grados de iluminaci\u00f3n (EPI-Diasc\u00f4pica) y magnificencia (hasta 2500x), monitorizado con incorporaci\u00f3n de cuerpo fotogr\u00e1fico para microfotograf\u00edas mediante c\u00e1mara CCD y cambio de oculares reticulados<img loading=\"lazy\" decoding=\"async\" class=\"alignright wp-image-375 size-medium\" src=\"https:\/\/iccd.es\/wp-content\/uploads\/2018\/08\/IMG_6825-300x275.jpg\" alt=\"\" width=\"300\" height=\"275\" srcset=\"https:\/\/iccd.es\/wp-content\/uploads\/2018\/08\/IMG_6825-300x275.jpg 300w, https:\/\/iccd.es\/wp-content\/uploads\/2018\/08\/IMG_6825-768x705.jpg 768w, https:\/\/iccd.es\/wp-content\/uploads\/2018\/08\/IMG_6825-110x101.jpg 110w, https:\/\/iccd.es\/wp-content\/uploads\/2018\/08\/IMG_6825-420x385.jpg 420w, https:\/\/iccd.es\/wp-content\/uploads\/2018\/08\/IMG_6825-469x430.jpg 469w, https:\/\/iccd.es\/wp-content\/uploads\/2018\/08\/IMG_6825.jpg 960w\" sizes=\"auto, (max-width: 300px) 100vw, 300px\" \/><\/li>\n<li><strong>Microscopio \u00d3ptico Triocular 7-100x\u00a0con brazo doble extensible y c\u00e1mara monitorizada<\/strong> CCD color multiespectral RCA, espec\u00edfico para el estudio de cualquier tipo de documentos y microscopia de los trazos. Cabezal basculante calibrado<\/li>\n<li><strong>Fuente de iluminaci\u00f3n externa mediante\u00a0Fibra Optica<\/strong> con luz fria de alta intensidad\u00a0y graduable, DUAL PIPER, para microscopia.<\/li>\n<li>Diferentes intensidades lum\u00ednicas. Iluminaci\u00f3n perfecta de la zona a estudiar, tanto en macroscop\u00eda como en microscop\u00eda<\/li>\n<li>Microscopios port\u00e1tiles de 50x y 30x provistos de luz blanca fr\u00eda con doble intensidad<\/li>\n<li>Lentes de aproximaci\u00f3n de 10x, 8x y 5x<\/li>\n<li>Microscopio informatizado usb con aproximaciones digitales de 40x y 100x<\/li>\n<li>Camara Multiespectral\u00a0de amplio espectro<\/li>\n<li>Negatoscopio y retroproyector TOSHIBA con c\u00e1mara<\/li>\n<li>Curv\u00edmetro escalado entre 1:15.000 y 1:800.000<\/li>\n<li>Luz ultravioleta e infrarroja, filtrada con diferentes filtros en longitud de onda<\/li>\n<li>Fuente de Luminiscencia\u00a0con filtrados en el campo visible e invisible<\/li>\n<li>Espectrofotometr\u00eda Colorim\u00e9trica\u00a0de tintas con levantamietno de la curva espectral<\/li>\n<li>Visor digital con LCD externo para el examen de documentos<\/li>\n<li><strong>C\u00e1maras Digitales Fotogr\u00e1ficas<\/strong> con luz visible y reflectogr\u00e1ficas CANON EOS, NIKON D3200 y FUJIFIM de 5Mpx, 9Mpx y 24Mpx para registro fotogr\u00e1fico tanto en el especto visible como en el IR (Expertizaje de obra art\u00edstica<\/li>\n<\/ul>\n<p><a href=\"https:\/\/iccd.es\/instrumental-tecnico\/laboratorio-01-tn\/\" rel=\"attachment wp-att-494\"><img loading=\"lazy\" decoding=\"async\" class=\"wp-image-494 alignleft\" src=\"https:\/\/iccd.es\/wp-content\/uploads\/2018\/08\/laboratorio-01-tn.jpg\" alt=\"\" width=\"280\" height=\"148\" srcset=\"https:\/\/iccd.es\/wp-content\/uploads\/2018\/08\/laboratorio-01-tn.jpg 216w, https:\/\/iccd.es\/wp-content\/uploads\/2018\/08\/laboratorio-01-tn-110x58.jpg 110w\" sizes=\"auto, (max-width: 280px) 100vw, 280px\" \/><\/a><\/p>\n<ul>\n<li>Diferentes tipos de plantillas milimetradas y grafom\u00e9tricas<\/li>\n<li>Luz rasante fr\u00eda e IR<\/li>\n<li>C\u00e1mara de documentos monitorizada con z\u00f3om de hasta 1600%<\/li>\n<li><a href=\"https:\/\/iccd.es\/expertsys\/\" target=\"_blank\" rel=\"noopener\"><strong>Programa Inform\u00e1tico de Criminal\u00edstica Documental<\/strong><\/a> (ExpertSys)<\/li>\n<li><a href=\"https:\/\/iccd.es\/luminisys\/\" target=\"_blank\" rel=\"noopener\"><strong>Luminisys TR-HD ACL 120x<\/strong><\/a>:\u00a0Videocomparador con luminiscencia crom\u00e1tica.<\/li>\n<\/ul>\n<p>&nbsp;<\/p>\n<ul>\n<li><strong>Sistema de an\u00e1lisis multiespectral TRUESCAN<\/strong><\/li>\n<\/ul>\n<p>&#8211; Fotos con luz de d\u00eda <img loading=\"lazy\" decoding=\"async\" class=\"wp-image-579 alignright\" src=\"https:\/\/iccd.es\/wp-content\/uploads\/2018\/08\/Portable_TrueScan-291x300.jpg\" alt=\"\" width=\"208\" height=\"214\" srcset=\"https:\/\/iccd.es\/wp-content\/uploads\/2018\/08\/Portable_TrueScan-291x300.jpg 291w, https:\/\/iccd.es\/wp-content\/uploads\/2018\/08\/Portable_TrueScan-107x110.jpg 107w, https:\/\/iccd.es\/wp-content\/uploads\/2018\/08\/Portable_TrueScan-408x420.jpg 408w, https:\/\/iccd.es\/wp-content\/uploads\/2018\/08\/Portable_TrueScan-417x430.jpg 417w, https:\/\/iccd.es\/wp-content\/uploads\/2018\/08\/Portable_TrueScan.jpg 558w\" sizes=\"auto, (max-width: 208px) 100vw, 208px\" \/><br \/>\n&#8211; An\u00e1lisis de tintas y papeles con luz UV<br \/>\n&#8211; An\u00e1lisis de tintas y papeles con luz IR<br \/>\n&#8211; Fotos con luz rasante<br \/>\n&#8211; Fotos con luz transmitida<br \/>\n&#8211; Microscop\u00eda en IR<\/p>\n<ul>\n<li>7 tipos de luces<\/li>\n<li>9 tipos de filtrados<\/li>\n<li>2 tipos de IR<\/li>\n<li>2 tipos de UV<\/li>\n<\/ul>\n<p style=\"text-align: center;\"><strong>Video Espectro Comparador VSC3<\/strong><\/p>\n<p style=\"text-align: justify;\">El dispositivo VCS-3, es un Sistema M\u00f3vil de alcance b\u00e1sico de los Laboratorios especializados en Documentos. Que a trav\u00e9s de herramientas automatizadas y energ\u00edas, profesionalizan y dan certidumbre a las nuevas generaciones de expertos en los segmentos de esta materia. Indispensable en las areas de investigaci\u00f3n de campo.<\/p>\n<p><img loading=\"lazy\" decoding=\"async\" class=\" wp-image-580 alignleft\" src=\"https:\/\/iccd.es\/wp-content\/uploads\/2018\/08\/vsc.png\" alt=\"\" width=\"155\" height=\"149\" srcset=\"https:\/\/iccd.es\/wp-content\/uploads\/2018\/08\/vsc.png 221w, https:\/\/iccd.es\/wp-content\/uploads\/2018\/08\/vsc-110x106.png 110w\" sizes=\"auto, (max-width: 155px) 100vw, 155px\" \/><\/p>\n<p>&#8211;\u00a0\u00a0\u00a0\u00a0\u00a0\u00a0\u00a0\u00a0\u00a0 Sistema innovador que cubre los segmentos de an\u00e1lisis de la Criminal\u00edstica Documental.<\/p>\n<p>&#8211;\u00a0\u00a0\u00a0\u00a0\u00a0\u00a0\u00a0\u00a0\u00a0 Las dimensiones son de 92X54X15 mm, pesa 65 grs.<\/p>\n<p>&#8211;\u00a0\u00a0\u00a0\u00a0\u00a0\u00a0\u00a0\u00a0\u00a0 Cuenta con energ\u00edas Blancas superior, oblicua, rasante.<\/p>\n<p>&#8211;\u00a0\u00a0\u00a0\u00a0\u00a0\u00a0\u00a0\u00a0\u00a0 Energ\u00eda Ultravioleta de 254 y 365 nm.<\/p>\n<p>&#8211;\u00a0\u00a0\u00a0\u00a0\u00a0\u00a0\u00a0\u00a0\u00a0 Energ\u00edas Infrarrojas de 850 y 940 nm superior, oblicua, rasante.<\/p>\n<p>&#8211;\u00a0\u00a0\u00a0\u00a0\u00a0\u00a0\u00a0\u00a0\u00a0 Energ\u00eda Modulada en azul cerca de los 470 nm.<\/p>\n<p>&#8211;\u00a0\u00a0\u00a0\u00a0\u00a0\u00a0\u00a0\u00a0\u00a0 Display LCD de 2.8 pulgadas.<\/p>\n<p>&#8211;\u00a0\u00a0\u00a0\u00a0\u00a0\u00a0\u00a0\u00a0\u00a0 Salida USB 2.0., HDMI.<\/p>\n<p>&#8211;\u00a0\u00a0\u00a0\u00a0\u00a0\u00a0\u00a0\u00a0\u00a0 Almacenamiento 4 Gb interno.<\/p>\n<p>&#8211;\u00a0\u00a0\u00a0\u00a0\u00a0\u00a0\u00a0\u00a0\u00a0 Aumentos digitales de 10X-16x y 32x en 3 pasos.<\/p>\n<p><img loading=\"lazy\" decoding=\"async\" class=\"wp-image-581 alignright\" src=\"https:\/\/iccd.es\/wp-content\/uploads\/2018\/08\/vsc2-300x176.png\" alt=\"\" width=\"243\" height=\"143\" srcset=\"https:\/\/iccd.es\/wp-content\/uploads\/2018\/08\/vsc2-300x176.png 300w, https:\/\/iccd.es\/wp-content\/uploads\/2018\/08\/vsc2-110x64.png 110w, https:\/\/iccd.es\/wp-content\/uploads\/2018\/08\/vsc2.png 336w\" sizes=\"auto, (max-width: 243px) 100vw, 243px\" \/><\/p>\n<p>&#8211;\u00a0\u00a0\u00a0\u00a0\u00a0\u00a0\u00a0\u00a0\u00a0 C\u00e1mara de 5 Megap\u00edxeles.<\/p>\n<p>&#8211;\u00a0\u00a0\u00a0\u00a0\u00a0\u00a0\u00a0\u00a0\u00a0 Rapidez en la Identificaci\u00f3n de medidas de seguridad en documentos.<\/p>\n<p>&#8211;\u00a0\u00a0\u00a0\u00a0\u00a0\u00a0\u00a0\u00a0\u00a0 Espectro b\u00e1sico de energ\u00edas UV, IR y de Color para discriminaci\u00f3n de tintas.<\/p>\n<p>&#8211;\u00a0\u00a0\u00a0\u00a0\u00a0\u00a0\u00a0\u00a0\u00a0 Funciones b\u00e1sicas para an\u00e1lisis de escritura.<\/p>\n","protected":false},"excerpt":{"rendered":"<p>MATERIAL E INSTRUMENTAL OPTICO: Microscopio \u00d3ptico Metalogr\u00e1fico Triocular\u00a0de luz polarizada para an\u00e1lisis de fibras y papeles, observaci\u00f3n de muestras metalogr\u00f3ficas para el an\u00e1lisis de detalles en superficies con alta reflectancia. Distintos grados de iluminaci\u00f3n (EPI-Diasc\u00f4pica) y magnificencia (hasta 2500x), monitorizado con incorporaci\u00f3n de cuerpo fotogr\u00e1fico para microfotograf\u00edas mediante c\u00e1mara CCD&#8230;<\/p>\n<p class=\"continue-reading-button\"> <a class=\"continue-reading-link\" href=\"https:\/\/iccd.es\/bienvenidos-a-iccd\/instrumental-tecnico\/\">Continue reading<i class=\"crycon-right-dir\"><\/i><\/a><\/p>\n","protected":false},"author":2,"featured_media":0,"parent":0,"menu_order":0,"comment_status":"closed","ping_status":"closed","template":"","meta":{"jetpack_post_was_ever_published":false,"footnotes":""},"class_list":["post-236","page","type-page","status-publish","hentry"],"jetpack_sharing_enabled":true,"jetpack_shortlink":"https:\/\/wp.me\/PacHYo-3O","_links":{"self":[{"href":"https:\/\/iccd.es\/bienvenidos-a-iccd\/wp-json\/wp\/v2\/pages\/236","targetHints":{"allow":["GET"]}}],"collection":[{"href":"https:\/\/iccd.es\/bienvenidos-a-iccd\/wp-json\/wp\/v2\/pages"}],"about":[{"href":"https:\/\/iccd.es\/bienvenidos-a-iccd\/wp-json\/wp\/v2\/types\/page"}],"author":[{"embeddable":true,"href":"https:\/\/iccd.es\/bienvenidos-a-iccd\/wp-json\/wp\/v2\/users\/2"}],"replies":[{"embeddable":true,"href":"https:\/\/iccd.es\/bienvenidos-a-iccd\/wp-json\/wp\/v2\/comments?post=236"}],"version-history":[{"count":7,"href":"https:\/\/iccd.es\/bienvenidos-a-iccd\/wp-json\/wp\/v2\/pages\/236\/revisions"}],"predecessor-version":[{"id":860,"href":"https:\/\/iccd.es\/bienvenidos-a-iccd\/wp-json\/wp\/v2\/pages\/236\/revisions\/860"}],"wp:attachment":[{"href":"https:\/\/iccd.es\/bienvenidos-a-iccd\/wp-json\/wp\/v2\/media?parent=236"}],"curies":[{"name":"wp","href":"https:\/\/api.w.org\/{rel}","templated":true}]}}