{"id":150,"date":"2018-08-07T11:40:21","date_gmt":"2018-08-07T11:40:21","guid":{"rendered":"https:\/\/iccd.es\/?page_id=150"},"modified":"2020-02-21T11:28:49","modified_gmt":"2020-02-21T10:28:49","slug":"partners","status":"publish","type":"page","link":"https:\/\/iccd.es\/bienvenidos-a-iccd\/partners\/","title":{"rendered":"Partners"},"content":{"rendered":"<h2 style=\"text-align: center;\"><strong>ACUERDOS Nacionales e Internacionales<\/strong><\/h2>\n<hr \/>\n<ul>\n<li class=\"encabezado2\">\n<h3>Delegacion Internacional para Colombia del I.C.C.D.<\/h3>\n<\/li>\n<\/ul>\n<div>\n<p style=\"padding-left: 30px;\"><span class=\"cursiva_azul\">Pulse sobre el enlace para leer:\u00a0<\/span><a href=\"https:\/\/www.dropbox.com\/s\/x2r75debg2czcbm\/nombramiento%20DELEGADO%20ICCD-Romario%20Camargo%20PIzarro.pdf?dl=0\" target=\"_blank\" rel=\"noopener noreferrer\"><strong>NOMBRAMIENTO DE DELEGADO INTERNACIONAL A FAVOR DE D. ROMARIO CAMARGO PIZARRO<\/strong><\/a><\/p>\n<\/div>\n<ul>\n<li class=\"encabezado2\">\n<h3>Delegacion Internacional para Mexico y Centro America del I.C.C.D.<\/h3>\n<\/li>\n<\/ul>\n<div>\n<p style=\"padding-left: 30px;\"><span class=\"cursiva_azul\">Pulse sobre el enlace para leer:\u00a0<\/span><a href=\"https:\/\/www.dropbox.com\/s\/wg88a6zudquv0mj\/MEXICO%20Y%20AMERICA%20CENTRAL%20DELEGADO%20ICCD-Juan%20Manuel%20Padr%C3%B3n.pdf?dl=0\" target=\"_blank\" rel=\"noopener noreferrer\"><strong>NOMBRAMIENTO DE DELEGADO INTERNACIONAL A FAVOR DE D. JUAN MANUEL PADR\u00d3N PRIMO<\/strong><\/a><\/p>\n<\/div>\n<ul>\n<li class=\"encabezado2\">\n<h3>Acuerdo Internacional COLCRIM-Colegio de Criminalistas de Chile-ICCD (Chile)<\/h3>\n<\/li>\n<\/ul>\n<div>\n<p style=\"padding-left: 30px;\"><span class=\"cursiva_azul\">Pulse sobre el enlace para leer:\u00a0<a href=\"https:\/\/www.dropbox.com\/s\/yh6yb1x53g04fe0\/ACUERDO%20INTERNACIONAL%20COLCRIM-ICCD-x.pdf?dl=0\" target=\"_blank\" rel=\"noopener noreferrer\"><strong>ACUERDO INTERNACIONAL DE COLABORACI\u00d3N, FORMACI\u00d3N, INVESTIGACI\u00d3N Y CONSULTOR\u00cdA<\/strong><\/a><\/span><\/p>\n<\/div>\n<ul>\n<li class=\"encabezado2\">\n<h3>Acuerdo Internacional Gestion Legal &amp; Criminalistica SAS-ICCD (Colombia)<\/h3>\n<\/li>\n<\/ul>\n<div>\n<p style=\"padding-left: 30px;\"><span class=\"cursiva_azul\">Pulse sobre el enlace para leer: <a href=\"https:\/\/www.dropbox.com\/s\/iqp83v1pmfv5r75\/acta%20de%20convenio-COLOMBIA-ESPA%C3%91A-x.pdf?dl=0\" target=\"_blank\" rel=\"noopener noreferrer\"><strong>CARTA DE ALIANZA DE ESTRAT\u00c9GICA PARA LA PROMOCI\u00d3N Y FORMACI\u00d3N AL M\u00c1S ALTO NIVEL EN MATERIAS DE CRIMINAL\u00cdSTICA DOCUMENTAL Y GRAFOLOG\u00cdA FORENSE<\/strong><\/a><\/span><\/p>\n<ul>\n<li>\n<h3>Acuerdo de Colaboracion con Academia CIVILEX y CIVILEX Ingenieria, SL-ICCD<\/h3>\n<\/li>\n<\/ul>\n<p style=\"padding-left: 30px;\"><span class=\"cursiva_azul\">Pulse sobre el enlace para leer: <a href=\"https:\/\/www.dropbox.com\/s\/btp7vvzeanwcqpt\/ACUERDO%20INTERNACIONAL%20CIVILEX-ICCD-x.pdf?dl=0\" target=\"_blank\" rel=\"noopener noreferrer\"><strong>ACUERDO DE COLABORACI\u00d3N PARA LA FORMACI\u00d3N, INVESTIGACI\u00d3N Y CONSULTOR\u00cdA<\/strong><\/a><\/span><\/p>\n<ul>\n<li>\n<h3>C&amp;S Internationale<\/h3>\n<\/li>\n<\/ul>\n<div>\n<p style=\"padding-left: 30px;\"><span class=\"cursiva_azul\">Somos distribuidores oficiales de C&amp;S Internationale (Estaciones portables de an\u00e1lisis multiespectral).<\/span><\/p>\n<\/div>\n<\/div>\n","protected":false},"excerpt":{"rendered":"<p>ACUERDOS Nacionales e Internacionales Delegacion Internacional para Colombia del I.C.C.D. Pulse sobre el enlace para leer:\u00a0NOMBRAMIENTO DE DELEGADO INTERNACIONAL A FAVOR DE D. ROMARIO CAMARGO PIZARRO Delegacion Internacional para Mexico y Centro America del I.C.C.D. Pulse sobre el enlace para leer:\u00a0NOMBRAMIENTO DE DELEGADO INTERNACIONAL A FAVOR DE D. JUAN MANUEL&#8230;<\/p>\n<p class=\"continue-reading-button\"> <a class=\"continue-reading-link\" href=\"https:\/\/iccd.es\/bienvenidos-a-iccd\/partners\/\">Continue reading<i class=\"crycon-right-dir\"><\/i><\/a><\/p>\n","protected":false},"author":2,"featured_media":0,"parent":0,"menu_order":0,"comment_status":"closed","ping_status":"closed","template":"","meta":{"jetpack_post_was_ever_published":false,"footnotes":""},"class_list":["post-150","page","type-page","status-publish","hentry"],"jetpack_sharing_enabled":true,"jetpack_shortlink":"https:\/\/wp.me\/PacHYo-2q","_links":{"self":[{"href":"https:\/\/iccd.es\/bienvenidos-a-iccd\/wp-json\/wp\/v2\/pages\/150","targetHints":{"allow":["GET"]}}],"collection":[{"href":"https:\/\/iccd.es\/bienvenidos-a-iccd\/wp-json\/wp\/v2\/pages"}],"about":[{"href":"https:\/\/iccd.es\/bienvenidos-a-iccd\/wp-json\/wp\/v2\/types\/page"}],"author":[{"embeddable":true,"href":"https:\/\/iccd.es\/bienvenidos-a-iccd\/wp-json\/wp\/v2\/users\/2"}],"replies":[{"embeddable":true,"href":"https:\/\/iccd.es\/bienvenidos-a-iccd\/wp-json\/wp\/v2\/comments?post=150"}],"version-history":[{"count":10,"href":"https:\/\/iccd.es\/bienvenidos-a-iccd\/wp-json\/wp\/v2\/pages\/150\/revisions"}],"predecessor-version":[{"id":1297,"href":"https:\/\/iccd.es\/bienvenidos-a-iccd\/wp-json\/wp\/v2\/pages\/150\/revisions\/1297"}],"wp:attachment":[{"href":"https:\/\/iccd.es\/bienvenidos-a-iccd\/wp-json\/wp\/v2\/media?parent=150"}],"curies":[{"name":"wp","href":"https:\/\/api.w.org\/{rel}","templated":true}]}}