{"id":1017,"date":"2018-09-01T11:53:56","date_gmt":"2018-09-01T09:53:56","guid":{"rendered":"https:\/\/iccd.es\/bienvenidos-a-iccd\/?page_id=1017"},"modified":"2018-09-01T13:13:18","modified_gmt":"2018-09-01T11:13:18","slug":"venta-instrumental","status":"publish","type":"page","link":"https:\/\/iccd.es\/bienvenidos-a-iccd\/venta-instrumental\/","title":{"rendered":"LABORATORIO-1: Niveles"},"content":{"rendered":"<h5 style=\"text-align: center;\"><span style=\"color: #008080;\"><strong>Si quiere adquirir algun tipo de equipacion no dude en ponerse en contacto con nosotros<\/strong><\/span><\/h5>\n<h3 style=\"text-align: center;\">INSTRUMENTACION PARA LABORATORIO COMPLETO DE ANALISIS DOCUMENTAL POR NIVELES DE SEGURIDAD<\/h3>\n<p>Diferentes\u00a0 niveles de verificaci\u00f3n documental:<\/p>\n<ul>\n<li style=\"text-align: justify;\"><strong>NIVEL I: BASICO<\/strong><\/li>\n<\/ul>\n<p style=\"text-align: justify;\"><a href=\"https:\/\/iccd.es\/wp-content\/uploads\/2018\/09\/IMG_6398.jpg\" target=\"_blank\" rel=\"noopener\"><img loading=\"lazy\" decoding=\"async\" class=\"alignleft wp-image-1067 size-thumbnail\" src=\"https:\/\/iccd.es\/wp-content\/uploads\/2018\/09\/IMG_6398-150x150.jpg\" alt=\"\" width=\"150\" height=\"150\" \/><\/a><a href=\"https:\/\/iccd.es\/wp-content\/uploads\/2018\/09\/IMG_9236.jpg\" target=\"_blank\" rel=\"noopener\"><img loading=\"lazy\" decoding=\"async\" class=\"alignleft wp-image-1068 size-thumbnail\" src=\"https:\/\/iccd.es\/wp-content\/uploads\/2018\/09\/IMG_9236-150x150.jpg\" alt=\"\" width=\"150\" height=\"150\" \/><\/a>El experto de base identificar\u00e1 elementos de seguridad visibles con t\u00e9cnicas \u00f3pticas avanzadas y portables as\u00ed como los elementos constitutivos b\u00e1sicos que permitan un acercamiento a la idoneidad del documento.<\/p>\n<p style=\"text-align: justify;\">Tipo de papel o soporte. Hilos de seguridad. Filigranas. Marcas al agua. Motivo de coincidencia. Nitidez de las composiciones, etc<\/p>\n<p style=\"text-align: justify;\"><em>MATERIAL: Malet\u00edn portable <\/em><em>peque\u00f1o o bolso de transporte <\/em><em>b\u00e1sico: Lente de aumento de 10x y 20x. Luz UV a 365nm. Negatoscopio. Microscopio portable de 60-100x de campo, Lupas especiales scramble y 3M Confirm.<\/em><\/p>\n<hr \/>\n<ul style=\"text-align: justify;\">\n<li><strong>NIVEL II: AVANZADO<\/strong><\/li>\n<\/ul>\n<p style=\"text-align: justify;\"><img loading=\"lazy\" decoding=\"async\" class=\"alignleft wp-image-1028\" src=\"https:\/\/iccd.es\/wp-content\/uploads\/2018\/09\/nivel-2.jpg\" alt=\"\" width=\"274\" height=\"169\" srcset=\"https:\/\/iccd.es\/wp-content\/uploads\/2018\/09\/nivel-2.jpg 826w, https:\/\/iccd.es\/wp-content\/uploads\/2018\/09\/nivel-2-300x185.jpg 300w, https:\/\/iccd.es\/wp-content\/uploads\/2018\/09\/nivel-2-768x473.jpg 768w, https:\/\/iccd.es\/wp-content\/uploads\/2018\/09\/nivel-2-150x92.jpg 150w, https:\/\/iccd.es\/wp-content\/uploads\/2018\/09\/nivel-2-327x201.jpg 327w\" sizes=\"auto, (max-width: 274px) 100vw, 274px\" \/>El experto con un nivel de capacitaci\u00f3n avanzado en medidas de seguridad documental identificar\u00e1 las distintas reacciones espectrales de papeles y tintas, para la verificaci\u00f3n de elementos de seguridad m\u00e1s complejos.<\/p>\n<p style=\"text-align: justify;\">Fluorescencia UV en tintas de seguridad. Reacci\u00f3n de absorci\u00f3n en el UV de papel moneda o de seguridad. Nitidez de las microimpresiones. Examinar las calcograf\u00edas. Identificaci\u00f3n tintas OVI. Hologramas, Bajo Relieve, etc.<\/p>\n<p style=\"text-align: justify;\"><em>MATERIAL: Sistema de <\/em><em>An\u00e1lisis portable para unidades m\u00f3viles TRUESCAN o similar (VS3B portable)<\/em><\/p>\n<hr \/>\n<ul style=\"text-align: justify;\">\n<li><strong>NIVEL III: EXPERTO<\/strong><\/li>\n<\/ul>\n<p style=\"text-align: justify;\"><a href=\"https:\/\/iccd.es\/wp-content\/uploads\/2018\/09\/IMG_6886-300x225.jpg\" target=\"_blank\" rel=\"noopener\"><img loading=\"lazy\" decoding=\"async\" class=\"alignleft wp-image-1035 size-full\" src=\"https:\/\/iccd.es\/wp-content\/uploads\/2018\/09\/IMG_6886-300x225.jpg\" alt=\"\" width=\"300\" height=\"225\" srcset=\"https:\/\/iccd.es\/wp-content\/uploads\/2018\/09\/IMG_6886-300x225.jpg 300w, https:\/\/iccd.es\/wp-content\/uploads\/2018\/09\/IMG_6886-300x225-150x113.jpg 150w\" sizes=\"auto, (max-width: 300px) 100vw, 300px\" \/><\/a>El experto con un nivel experto y manejo de aparatolog\u00eda espec\u00edfica de base realizar\u00e1 la verificaci\u00f3n integra mediante cotejos con documentos indubitados de una base de datos internacional para la comprobaci\u00f3n y emisi\u00f3n de informes que requieran verificar documentalmente soportes incautados para ponerlos a disposici\u00f3n de la autoridad competente, con el conocimiento avanzado de todos los sistemas de impresi\u00f3n en documentos de seguridad, medidas y formatos.<\/p>\n<p style=\"text-align: justify;\">Se requerir\u00e1 la capacitaci\u00f3n t\u00e9cnica en la utilizaci\u00f3n y manejo del laboratorio f\u00edsico de criminal\u00edstica Documental mediante la utilizaci\u00f3n de Videoespectros de comparaci\u00f3n, t\u00e9cnicas espec\u00edficas de iluminaci\u00f3n, sistemas de microscopia avanzada, etc.<\/p>\n<p style=\"text-align: justify;\"><em>MATERIAL: Laboratorio completo en sede f\u00edsica con sistemas de computaci\u00f3n, software espec\u00edfico, videoespectros de comparaci\u00f3n, <\/em><em>sistemas de iluminaci\u00f3n variada diasc\u00f3pica, episc\u00f3pica, cenital, oblicua, rasante\u2026 (pueden estar integrados en el VSC), microscopia \u00f3ptica triocular con <\/em><em>c\u00e1mara y microscopia \u00f3ptica metalogr\u00e1fica en disposici\u00f3n vertical con iluminaci\u00f3n EPI y luz polarizada, para an\u00e1lisis de fibras, papeles, cruces y sistemas avanzados de microimpresi\u00f3n\u2026, testigos m\u00e9tricos variados, c\u00e1mara r\u00e9flex con objetivo macro, banco estativo para el registro de evidencias\u2026<\/em><\/p>\n<p><img loading=\"lazy\" decoding=\"async\" class=\"aligncenter wp-image-1038 size-medium\" src=\"https:\/\/iccd.es\/wp-content\/uploads\/2018\/09\/mic-300x160.png\" alt=\"\" width=\"300\" height=\"160\" srcset=\"https:\/\/iccd.es\/wp-content\/uploads\/2018\/09\/mic-300x160.png 300w, https:\/\/iccd.es\/wp-content\/uploads\/2018\/09\/mic-150x80.png 150w, https:\/\/iccd.es\/wp-content\/uploads\/2018\/09\/mic.png 694w\" sizes=\"auto, (max-width: 300px) 100vw, 300px\" \/><\/p>\n<hr \/>\n<p style=\"text-align: justify;\">\n","protected":false},"excerpt":{"rendered":"<p>Si quiere adquirir algun tipo de equipacion no dude en ponerse en contacto con nosotros INSTRUMENTACION PARA LABORATORIO COMPLETO DE ANALISIS DOCUMENTAL POR NIVELES DE SEGURIDAD Diferentes\u00a0 niveles de verificaci\u00f3n documental: NIVEL I: BASICO El experto de base identificar\u00e1 elementos de seguridad visibles con t\u00e9cnicas \u00f3pticas avanzadas y portables as\u00ed&#8230;<\/p>\n<p class=\"continue-reading-button\"> <a class=\"continue-reading-link\" href=\"https:\/\/iccd.es\/bienvenidos-a-iccd\/venta-instrumental\/\">Continue reading<i class=\"crycon-right-dir\"><\/i><\/a><\/p>\n","protected":false},"author":2,"featured_media":0,"parent":0,"menu_order":0,"comment_status":"closed","ping_status":"closed","template":"","meta":{"jetpack_post_was_ever_published":false,"footnotes":""},"class_list":["post-1017","page","type-page","status-publish","hentry"],"jetpack_sharing_enabled":true,"jetpack_shortlink":"https:\/\/wp.me\/PacHYo-gp","_links":{"self":[{"href":"https:\/\/iccd.es\/bienvenidos-a-iccd\/wp-json\/wp\/v2\/pages\/1017","targetHints":{"allow":["GET"]}}],"collection":[{"href":"https:\/\/iccd.es\/bienvenidos-a-iccd\/wp-json\/wp\/v2\/pages"}],"about":[{"href":"https:\/\/iccd.es\/bienvenidos-a-iccd\/wp-json\/wp\/v2\/types\/page"}],"author":[{"embeddable":true,"href":"https:\/\/iccd.es\/bienvenidos-a-iccd\/wp-json\/wp\/v2\/users\/2"}],"replies":[{"embeddable":true,"href":"https:\/\/iccd.es\/bienvenidos-a-iccd\/wp-json\/wp\/v2\/comments?post=1017"}],"version-history":[{"count":15,"href":"https:\/\/iccd.es\/bienvenidos-a-iccd\/wp-json\/wp\/v2\/pages\/1017\/revisions"}],"predecessor-version":[{"id":1072,"href":"https:\/\/iccd.es\/bienvenidos-a-iccd\/wp-json\/wp\/v2\/pages\/1017\/revisions\/1072"}],"wp:attachment":[{"href":"https:\/\/iccd.es\/bienvenidos-a-iccd\/wp-json\/wp\/v2\/media?parent=1017"}],"curies":[{"name":"wp","href":"https:\/\/api.w.org\/{rel}","templated":true}]}}